{"id":978,"date":"2016-02-05T09:14:02","date_gmt":"2016-02-05T09:14:02","guid":{"rendered":"http:\/\/klaushaberstroh.de\/?page_id=978"},"modified":"2016-02-05T09:15:28","modified_gmt":"2016-02-05T09:15:28","slug":"vortrag-australien","status":"publish","type":"page","link":"https:\/\/klaushaberstroh.de\/?page_id=978","title":{"rendered":"Vortrag Australien"},"content":{"rendered":"<p>Multivisionsvortrag von einer 7 w\u00f6chigen Reise durch Australien<\/p>\n<p><a href=\"http:\/\/klaushaberstroh.de\/wp-content\/uploads\/2016\/02\/PlakatAustralien.jpg\"><img loading=\"lazy\" decoding=\"async\" class=\"alignleft  wp-image-979\" alt=\"PlakatAustralien\" src=\"http:\/\/klaushaberstroh.de\/wp-content\/uploads\/2016\/02\/PlakatAustralien.jpg\" width=\"229\" height=\"326\" srcset=\"https:\/\/klaushaberstroh.de\/wp-content\/uploads\/2016\/02\/PlakatAustralien.jpg 637w, https:\/\/klaushaberstroh.de\/wp-content\/uploads\/2016\/02\/PlakatAustralien-210x300.jpg 210w\" sizes=\"auto, (max-width: 229px) 100vw, 229px\" \/><\/a><\/p>\n<p>Australien ist traumhaftes Reiseland, vor allem f\u00fcr Naturliebhaber. Mehr als 350 Nationalparks bieten eine unvergleichbare Vielfalt an Naturschaupl\u00e4tzen: \u00a0W\u00fcste, \u00a0Regenwald, Steppe, Berge, Unterwasserwelt. \u00dcberall begegnet man hautnah Tieren die es nur auf diesem Kontinent zu sehen gibt.<br \/>\nLebendige Metropolen und offene, hilfsbereite Australier garantieren unverge\u00dfliche Erlebnisse.<br \/>\nWir haben in 7 Wochen die Bundesstaaten Queensland, Northern Territory, New South Wales und Victoria mit Auto, Camper, Boot und Flugzeug bereist. Insgesamt haben wir 15 Nationalparks besucht und die Erlebnisse in wundersch\u00f6nen Fotos und Filmen dokumentiert.<\/p>\n<p>Live kommentierter Multimediavortrag.<br \/>\nDauer: \u00a0120min mit Pause<\/p>\n<p>&nbsp;<\/p>\n","protected":false},"excerpt":{"rendered":"<p>Multivisionsvortrag von einer 7 w\u00f6chigen Reise durch Australien Australien ist traumhaftes Reiseland, vor allem f\u00fcr Naturliebhaber. Mehr als 350 Nationalparks bieten eine unvergleichbare Vielfalt an Naturschaupl\u00e4tzen: \u00a0W\u00fcste, \u00a0Regenwald, Steppe, Berge, Unterwasserwelt. \u00dcberall begegnet man hautnah Tieren die es nur auf diesem Kontinent zu sehen gibt. Lebendige Metropolen und offene, hilfsbereite Australier garantieren unverge\u00dfliche Erlebnisse. Wir &hellip; <a href=\"https:\/\/klaushaberstroh.de\/?page_id=978\" class=\"more-link\">Continue reading <span class=\"screen-reader-text\">Vortrag Australien<\/span> <span class=\"meta-nav\">&rarr;<\/span><\/a><\/p>\n","protected":false},"author":1,"featured_media":0,"parent":248,"menu_order":0,"comment_status":"closed","ping_status":"closed","template":"","meta":{"footnotes":""},"class_list":["post-978","page","type-page","status-publish","hentry"],"_links":{"self":[{"href":"https:\/\/klaushaberstroh.de\/index.php?rest_route=\/wp\/v2\/pages\/978","targetHints":{"allow":["GET"]}}],"collection":[{"href":"https:\/\/klaushaberstroh.de\/index.php?rest_route=\/wp\/v2\/pages"}],"about":[{"href":"https:\/\/klaushaberstroh.de\/index.php?rest_route=\/wp\/v2\/types\/page"}],"author":[{"embeddable":true,"href":"https:\/\/klaushaberstroh.de\/index.php?rest_route=\/wp\/v2\/users\/1"}],"replies":[{"embeddable":true,"href":"https:\/\/klaushaberstroh.de\/index.php?rest_route=%2Fwp%2Fv2%2Fcomments&post=978"}],"version-history":[{"count":2,"href":"https:\/\/klaushaberstroh.de\/index.php?rest_route=\/wp\/v2\/pages\/978\/revisions"}],"predecessor-version":[{"id":982,"href":"https:\/\/klaushaberstroh.de\/index.php?rest_route=\/wp\/v2\/pages\/978\/revisions\/982"}],"up":[{"embeddable":true,"href":"https:\/\/klaushaberstroh.de\/index.php?rest_route=\/wp\/v2\/pages\/248"}],"wp:attachment":[{"href":"https:\/\/klaushaberstroh.de\/index.php?rest_route=%2Fwp%2Fv2%2Fmedia&parent=978"}],"curies":[{"name":"wp","href":"https:\/\/api.w.org\/{rel}","templated":true}]}}