{"id":910,"date":"2015-11-19T07:33:21","date_gmt":"2015-11-19T07:33:21","guid":{"rendered":"http:\/\/klaushaberstroh.de\/?page_id=910"},"modified":"2015-12-02T23:00:16","modified_gmt":"2015-12-02T23:00:16","slug":"australien-2015","status":"publish","type":"page","link":"https:\/\/klaushaberstroh.de\/?page_id=910","title":{"rendered":"Australien 2015"},"content":{"rendered":"<p><a href=\"http:\/\/klaushaberstroh.de\/wp-content\/uploads\/2015\/11\/KH81790.jpg\"><img loading=\"lazy\" decoding=\"async\" class=\"alignleft  wp-image-945\" alt=\"_KH81790\" src=\"http:\/\/klaushaberstroh.de\/wp-content\/uploads\/2015\/11\/KH81790.jpg\" width=\"720\" height=\"480\" srcset=\"https:\/\/klaushaberstroh.de\/wp-content\/uploads\/2015\/11\/KH81790.jpg 1200w, https:\/\/klaushaberstroh.de\/wp-content\/uploads\/2015\/11\/KH81790-300x200.jpg 300w, https:\/\/klaushaberstroh.de\/wp-content\/uploads\/2015\/11\/KH81790-1024x682.jpg 1024w\" sizes=\"auto, (max-width: 720px) 100vw, 720px\" \/><\/a><\/p>\n<p>Es war schon lange ein Traum von uns Australien zu bereisen. Nun haben wir es endlich geschafft und wir haben uns viel Zeit genommen. Insgesamt waren wir 54 Tage also fast 8 Wochen unterwegs.<br \/>\n<a href=\"http:\/\/klaushaberstroh.de\/wp-content\/uploads\/2015\/11\/Australien-Overview.jpg\"><img loading=\"lazy\" decoding=\"async\" class=\" wp-image-956 alignright\" alt=\"Australien Overview\" src=\"http:\/\/klaushaberstroh.de\/wp-content\/uploads\/2015\/11\/Australien-Overview.jpg\" width=\"653\" height=\"580\" srcset=\"https:\/\/klaushaberstroh.de\/wp-content\/uploads\/2015\/11\/Australien-Overview.jpg 1089w, https:\/\/klaushaberstroh.de\/wp-content\/uploads\/2015\/11\/Australien-Overview-300x266.jpg 300w, https:\/\/klaushaberstroh.de\/wp-content\/uploads\/2015\/11\/Australien-Overview-1024x909.jpg 1024w\" sizes=\"auto, (max-width: 653px) 100vw, 653px\" \/><\/a><br \/>\nEs gibt viele M\u00f6glichkeiten so ein gro\u00dfes Land zu bereisen, von der voll organisierten Reise bis zur Durchquerung des Kontinents mit Fahrrad und Zelt. Wir konnten uns nicht entscheiden und haben lediglich 2 \u00dcbernachtungen in einem kleinen Bed&amp;Breakfast f\u00fcr die Ankunft und einen kleinen Mietwagen f\u00fcr die ersten Tage gebucht. Den Rest haben wir vor Ort organisiert. So konnten wir im kleinen Zweierteam spontan entscheiden und uns treiben lassen. Am Ende haben wir 13 Nationalparks in 4 Bundesstaaten besucht und \u00a0haben mit dem Auto insgesamt fast 8000km zur\u00fcckgelegt. Beeindruckend war die Vielfalt \u00a0an\u00a0unvergleichlichene Naturschaupl\u00e4tzen und die vielen netten und freundlichen Australier die wir kennenlernen durften. Viel Spa\u00df mit der kleinen Bilderserie durch Australien.<\/p>\n<p>&nbsp;<\/p>\n<table border=\"0\" cellpadding=\"0\">\n<tbody>\n<tr>\n<td width=\"150\">\u00a0<a title=\"Australien 2015 Queensland\" href=\"http:\/\/klaushaberstroh.de\/?page_id=914\"><img loading=\"lazy\" decoding=\"async\" class=\"size-full wp-image-916 aligncenter\" alt=\"Australien2015-QL-150x150\" src=\"http:\/\/klaushaberstroh.de\/wp-content\/uploads\/2015\/11\/Australien2015-QL-150x150.jpg\" width=\"150\" height=\"150\" \/><\/a><\/td>\n<td width=\"150\">\u00a0<a title=\"Australien 2015  Northern Territory\" href=\"http:\/\/klaushaberstroh.de\/?page_id=936\"><img loading=\"lazy\" decoding=\"async\" class=\"size-full wp-image-922 aligncenter\" alt=\"Australien2015-NT-150x150\" src=\"http:\/\/klaushaberstroh.de\/wp-content\/uploads\/2015\/11\/Australien2015-NT-150x150.jpg\" width=\"150\" height=\"150\" \/><\/a><\/td>\n<td width=\"150\">\u00a0<a title=\"Australien 2015 New South Wales\" href=\"http:\/\/klaushaberstroh.de\/?page_id=939\"><img loading=\"lazy\" decoding=\"async\" class=\"size-full wp-image-921 aligncenter\" alt=\"Australien2015-NSW-150x150\" src=\"http:\/\/klaushaberstroh.de\/wp-content\/uploads\/2015\/11\/Australien2015-NSW-150x150.jpg\" width=\"150\" height=\"150\" \/><\/a><\/td>\n<\/tr>\n<tr>\n<td width=\"150\">\u00a0<a title=\"Australien 2015 Victoria\" href=\"http:\/\/klaushaberstroh.de\/?page_id=941\"><img loading=\"lazy\" decoding=\"async\" class=\"size-full wp-image-927 aligncenter\" alt=\"Australien2015-VC-150x150\" src=\"http:\/\/klaushaberstroh.de\/wp-content\/uploads\/2015\/11\/Australien2015-VC-150x150.jpg\" width=\"150\" height=\"150\" \/><\/a><\/td>\n<\/tr>\n<\/tbody>\n<\/table>\n","protected":false},"excerpt":{"rendered":"<p>Es war schon lange ein Traum von uns Australien zu bereisen. Nun haben wir es endlich geschafft und wir haben uns viel Zeit genommen. Insgesamt waren wir 54 Tage also fast 8 Wochen unterwegs. Es gibt viele M\u00f6glichkeiten so ein gro\u00dfes Land zu bereisen, von der voll organisierten Reise bis zur Durchquerung des Kontinents mit &hellip; <a href=\"https:\/\/klaushaberstroh.de\/?page_id=910\" class=\"more-link\">Continue reading <span class=\"screen-reader-text\">Australien 2015<\/span> <span class=\"meta-nav\">&rarr;<\/span><\/a><\/p>\n","protected":false},"author":1,"featured_media":0,"parent":632,"menu_order":0,"comment_status":"closed","ping_status":"closed","template":"","meta":{"footnotes":""},"class_list":["post-910","page","type-page","status-publish","hentry"],"_links":{"self":[{"href":"https:\/\/klaushaberstroh.de\/index.php?rest_route=\/wp\/v2\/pages\/910","targetHints":{"allow":["GET"]}}],"collection":[{"href":"https:\/\/klaushaberstroh.de\/index.php?rest_route=\/wp\/v2\/pages"}],"about":[{"href":"https:\/\/klaushaberstroh.de\/index.php?rest_route=\/wp\/v2\/types\/page"}],"author":[{"embeddable":true,"href":"https:\/\/klaushaberstroh.de\/index.php?rest_route=\/wp\/v2\/users\/1"}],"replies":[{"embeddable":true,"href":"https:\/\/klaushaberstroh.de\/index.php?rest_route=%2Fwp%2Fv2%2Fcomments&post=910"}],"version-history":[{"count":17,"href":"https:\/\/klaushaberstroh.de\/index.php?rest_route=\/wp\/v2\/pages\/910\/revisions"}],"predecessor-version":[{"id":958,"href":"https:\/\/klaushaberstroh.de\/index.php?rest_route=\/wp\/v2\/pages\/910\/revisions\/958"}],"up":[{"embeddable":true,"href":"https:\/\/klaushaberstroh.de\/index.php?rest_route=\/wp\/v2\/pages\/632"}],"wp:attachment":[{"href":"https:\/\/klaushaberstroh.de\/index.php?rest_route=%2Fwp%2Fv2%2Fmedia&parent=910"}],"curies":[{"name":"wp","href":"https:\/\/api.w.org\/{rel}","templated":true}]}}