{"id":852,"date":"2015-09-21T11:46:44","date_gmt":"2015-09-21T11:46:44","guid":{"rendered":"http:\/\/klaushaberstroh.de\/?page_id=852"},"modified":"2025-09-20T09:51:11","modified_gmt":"2025-09-20T09:51:11","slug":"aktuell","status":"publish","type":"page","link":"https:\/\/klaushaberstroh.de\/?page_id=852","title":{"rendered":"Aktuell"},"content":{"rendered":"\n<p>Wir sind dann mal weg&#8230;.<\/p>\n\n\n\n<p><a href=\"https:\/\/klaushaberstroh.de\/?page_id=2195\" data-type=\"page\" data-id=\"2195\">Hier geht es zum Reiseblog<\/a><\/p>\n\n\n\n<p>&#8212;&#8212;&#8212;&#8212;&#8212;&#8212;&#8212;&#8212;&#8212;&#8212;&#8212;&#8212;&#8212;&#8212;&#8212;&#8212;&#8212;&#8211;<\/p>\n\n\n\n<p class=\"has-large-font-size\"><strong>Vortrag<\/strong> <strong>Myanmar<\/strong><\/p>\n\n\n\n<p class=\"has-medium-font-size\"><strong>Fr.<\/strong> <strong>9.Mai 2025 20:00 Uhr <\/strong><br><strong>im Boulder&amp;Kletterzentrum Volksbank Vertical <\/strong><br><strong>in \u00dcberlingen<\/strong><\/p>\n\n\n\n<p class=\"has-medium-font-size\"><strong>Mi.<\/strong> <strong>21.Mai 2025 20:00 Uhr <\/strong><br><strong>Haus der Begegnung S.Pirmin <\/strong><br><strong>auf der Reichenau<\/strong><\/p>\n\n\n\n<p class=\"has-medium-font-size\"><strong>Fr.<\/strong> <strong>23.Mai 2025 20:00 Uhr <\/strong><br><strong>im Gemeindezentrum Bodman-Ludwigshafen<\/strong><\/p>\n\n\n\n<figure class=\"wp-block-image size-large\"><img loading=\"lazy\" decoding=\"async\" width=\"1080\" height=\"1522\" src=\"https:\/\/klaushaberstroh.de\/wp-content\/uploads\/2025\/04\/VortragMyanmar-V1-1080x1522.png\" alt=\"\" class=\"wp-image-2090\" srcset=\"https:\/\/klaushaberstroh.de\/wp-content\/uploads\/2025\/04\/VortragMyanmar-V1-1080x1522.png 1080w, https:\/\/klaushaberstroh.de\/wp-content\/uploads\/2025\/04\/VortragMyanmar-V1-213x300.png 213w, https:\/\/klaushaberstroh.de\/wp-content\/uploads\/2025\/04\/VortragMyanmar-V1-768x1082.png 768w, https:\/\/klaushaberstroh.de\/wp-content\/uploads\/2025\/04\/VortragMyanmar-V1-1090x1536.png 1090w, https:\/\/klaushaberstroh.de\/wp-content\/uploads\/2025\/04\/VortragMyanmar-V1-1454x2048.png 1454w, https:\/\/klaushaberstroh.de\/wp-content\/uploads\/2025\/04\/VortragMyanmar-V1.png 1722w\" sizes=\"auto, (max-width: 1080px) 100vw, 1080px\" \/><\/figure>\n\n\n\n<p>Viele Jahrzehnte war Myanmar von einer brutalen Milit\u00e4rdiktatur unterdr\u00fcckt und von der restlichen Welt komplett isoliert. Das Land hat sich nach langem Kampf befreit und ab 2015 regierte eine demokratische Partei, die das Land f\u00fcr den Tourismus \u00f6ffnete.<\/p>\n\n\n\n<p>Es war ein gro\u00dfer Segen, dass wir 2017 dieses urspr\u00fcngliche und ganz besondere Land mit seinen vielen Sch\u00e4tzen erleben durften. Es war eine Zeitreise in einem Land das 60 Jahre still stand und seine Kultur ohne Einfl\u00fcsse von au\u00dfen bewahren konnte. Ein Land voller Geheimnisse wie kein anderes Land auf unserer Erde. Ein Traum f\u00fcr jeden Fotografen.<\/p>\n\n\n\n<p>Der Schriftsteller Rudyard Kipling schrieb 1898: &#8220;Das ist Burma, ein Land, das anders ist als alle anderen, die Du kennst. Ich kann dies \u00fcber 120 Jahre sp\u00e4ter nur best\u00e4tigen.<\/p>\n\n\n\n<p>Wir haben die Burmesen bewundert mit welcher Motivation und mit welchem Optimismus sie in die Zukunft schauten und mit welchem Stolz sie uns Ihr sch\u00f6nes Land und Ihre Kultur pr\u00e4sentierten. Wir haben 6 Wochen eine Gastfreundschaft von Herzen genossen und haben uns in dieses Land verliebt.<\/p>\n\n\n\n<p>Der Schock kam dann wenige Jahre sp\u00e4ter, als das Milit\u00e4r 2021 mit einem Putsch wieder die Macht \u00fcbernommen hat und das Land wieder ins Chaos st\u00fcrzte. Aus den ersten Demonstrationen, die brutal niedergeschlagen wurden, hat sich ein B\u00fcrgerkrieg entwickelt mit vielen Toten, Gefangenen, Hunger und gro\u00dfer Not.<\/p>\n\n\n\n<p>Der n\u00e4chste Schock kam dann Ende M\u00e4rz, als die Erde in Myanmar mit einer St\u00e4rke von 7,7 bebte. Mehr als 3600 Menschen sind ums Leben gekommen und viele Tausende sind verletzt. Bei \u00fcber 40\u00b0C drohen Seuchen, es gibt kein Trinkwasser und kaum medizinische Versorgung.<\/p>\n\n\n\n<p class=\"has-medium-font-size\"><strong>Benefizvortrag f\u00fcr Myanmar<\/strong><\/p>\n\n\n\n<p>Mit einem Benefizvortrag \u00fcber dieses wundersch\u00f6ne Land m\u00f6chte ich einen kleinen Beitrag leisten und diesen lieben Menschen helfen.<\/p>\n\n\n\n<p>In meinem Vortrag m\u00f6chte ich aber keine Katastropenbilder zeigen &#8211; die sehen wir jeden Tag in der Tagesschau und der Presse.<\/p>\n\n\n\n<p>Ich m\u00f6chte Sie mitnehmen auf eine Zeitreise mit atemberaubenden Bildern von tollen Landschaften und beeindruckenden religi\u00f6sen St\u00e4tten. Im Mittelpunkt stehen die Menschen, ihr Leben und ihre Kultur &#8211; so wie wir Myanmar 2017 erleben durften.<\/p>\n\n\n\n<p><a href=\"https:\/\/klaushaberstroh.de\/?page_id=1476\" data-type=\"page\" data-id=\"1476\">Ein paar Bilder<\/a>&#8230;..<\/p>\n\n\n\n<p>Wie bei all meinen Vortr\u00e4gen verlange ich keinen Eintritt &#8211; freue mich aber \u00fcber Spenden f\u00fcr einen guten Zweck. Die Spenden von diesem Vortrag fliessen in die Hilfsorganisation Aktion Myanmar.<\/p>\n\n\n\n<p>Ich w\u00fcrde mich sehr \u00fcber ein volles Haus beim Vortrag freuen.<\/p>\n\n\n\n<p class=\"has-medium-font-size\"><strong>Aktion Myanmar &#8211; Hilfsorganisation f\u00fcr Myanmar von der Reichenau<\/strong><\/p>\n\n\n\n<p>Das \u00c4rzteehepaar Fritz und Marlies Fr\u00f6hle von der Reichenau \/Bodensee leiten eine sehr erfolgreiche Hilfsorganisation f\u00fcr Myanmar mit einem deutschen Kontaktmann, der in Myanmar lebt. Er garantiert, dass die Spenden direkt und sinnvoll eingesetzt werden, ohne gro\u00dfen Verwaltungsapparat.<\/p>\n\n\n\n<p><a href=\"http:\/\/www.aktionmyanmar.org\">www.aktionmyanmar.org<\/a><\/p>\n\n\n\n<figure class=\"wp-block-image size-medium is-resized is-style-default\"><img loading=\"lazy\" decoding=\"async\" width=\"216\" height=\"300\" src=\"https:\/\/klaushaberstroh.de\/wp-content\/uploads\/2025\/03\/14CF067B-FF75-403E-B82C-1F4BF45B3C4F-216x300.jpeg\" alt=\"\" class=\"wp-image-2079\" style=\"width:219px;height:auto\" srcset=\"https:\/\/klaushaberstroh.de\/wp-content\/uploads\/2025\/03\/14CF067B-FF75-403E-B82C-1F4BF45B3C4F-216x300.jpeg 216w, https:\/\/klaushaberstroh.de\/wp-content\/uploads\/2025\/03\/14CF067B-FF75-403E-B82C-1F4BF45B3C4F-1080x1497.jpeg 1080w, https:\/\/klaushaberstroh.de\/wp-content\/uploads\/2025\/03\/14CF067B-FF75-403E-B82C-1F4BF45B3C4F-768x1065.jpeg 768w, https:\/\/klaushaberstroh.de\/wp-content\/uploads\/2025\/03\/14CF067B-FF75-403E-B82C-1F4BF45B3C4F-1108x1536.jpeg 1108w, https:\/\/klaushaberstroh.de\/wp-content\/uploads\/2025\/03\/14CF067B-FF75-403E-B82C-1F4BF45B3C4F-1477x2048.jpeg 1477w, https:\/\/klaushaberstroh.de\/wp-content\/uploads\/2025\/03\/14CF067B-FF75-403E-B82C-1F4BF45B3C4F-scaled.jpeg 1846w\" sizes=\"auto, (max-width: 216px) 100vw, 216px\" \/><\/figure>\n\n\n\n<p>&#8212;&#8212;&#8212;&#8212;&#8212;&#8212;&#8212;&#8212;&#8212;&#8212;&#8212;&#8212;&#8212;&#8212;&#8212;&#8212;&#8212;&#8212;&#8212;&#8212;&#8212;&#8212;&#8212;&#8212;&#8212;&#8212;&#8212;&#8212;&#8212;&#8212;<\/p>\n\n\n\n<p><strong>Antarktis Ski&amp;Sail <\/strong><\/p>\n\n\n\n<p>Zweite Antarktis-Reise mit Wolf Kloss und seiner Santa Maria vom 21.11.-22.12.2024<\/p>\n\n\n\n<p><strong>Save the Date:<br>Multivisionsvortrag Antarctica am 11.M\u00e4rz 2025 19:00 Uhr <br>im Gemeindezentrum Bodman-Ludwigshafen<br><a href=\"https:\/\/www.youtube.com\/watch?v=VSnaCtZB-M4\"> &#8211; zum Trailer<\/a><br> <\/strong><\/p>\n\n\n\n<p><a href=\"https:\/\/klaushaberstroh.de\/?page_id=2002\" data-type=\"page\" data-id=\"2002\">Hier geht`s zu den Bildern&#8230;<\/a><\/p>\n\n\n\n<p><strong>Atlantik\u00fcberquerung <\/strong><\/p>\n\n\n\n<p>Transatlantik mit dem Segelboot von den<br>Kanaren in die Karibik mit Zwischenstop auf den Kapverden vom 19.November bis 19.Dezember 2023.<\/p>\n\n\n\n<p><a href=\"https:\/\/klaushaberstroh.de\/?page_id=1904\" data-type=\"page\" data-id=\"1904\">Hier geht`s zu den Bildern&#8230;<\/a><\/p>\n\n\n\n<p>Vortrag:<br><strong>Norwegen &#8211; Skisafari mit dem Wohnmobil<\/strong><\/p>\n\n\n\n<p>26.Oktober 2023 19:00 Uhr im <br>Boulder &amp; Kletterzentrum Volksbank-Vertical <br>\u00dcberlingen Sankt-Johann-Strasse 15<\/p>\n\n\n\n<p>16.M\u00e4rz 2023<\/p>\n\n\n\n<p>Winterreise mit dem WoMo in S\u00fcd Norwegen<br><a href=\"https:\/\/klaushaberstroh.de\/?page_id=1775\">Hier gehts zu den Bildern&#8230;<\/a><\/p>\n\n\n\n<p>&#8212;&#8211; 28.Februar 2020<\/p>\n\n\n\n<p>Skitouren in Tadschikistan &#8211; das durften noch nicht viele erleben.<br><a href=\"https:\/\/klaushaberstroh.de\/?page_id=1747\">Hier geht es zu den Bilder&#8230;<\/a><\/p>\n\n\n\n<p>&#8212;&#8211; 23.November 2019<\/p>\n\n\n\n<p>eine wundersch\u00f6ne Reise durch Neuseeland geht zu Ende.<br><a href=\"https:\/\/klaushaberstroh.de\/?page_id=1692\">Hier geht es zu den Bildern&#8230;.<\/a><br><\/p>\n\n\n\n<p>&#8212;&#8211;21.Oktober 2019<\/p>\n\n\n\n<p>wir sind in Neuseeland unterwegs und sind schon fasziniert von der tollen Landschaft, den intensiven Farben und den netten Menschen.<\/p>\n\n\n\n<p>&#8212;- 13.Juli 2019<\/p>\n\n\n\n<p>wir sind zur\u00fcck von unserem ersten Ostsee Segelt\u00f6rn.<br>Es wird nicht der Letze sein.<\/p>\n\n\n\n<p><a href=\"http:\/\/klaushaberstroh.de\/?page_id=1646\">Hier geht es zu den Bildern&#8230;<\/a><\/p>\n\n\n\n<p>8.Oktober 2018 &#8212;&#8212;&#8212;&#8212;&#8212;&#8212;&#8212;&#8211;<\/p>\n\n\n\n<p>Nach meiner Knie-OP sind wir zum ersten Mal wieder auf Reisen.<br>Wir sind in Marokko.<br>&#8220;Weit weg ist nirgendwo so nah&#8221;<br>Nicht einmal 3 Stunden Flug und man taucht in eine andere Welt, eine andere Kultur und in andere Landschaften.<br>Die W\u00fcste zu sehen ist ein lang ersehnter Wunsch, den wir uns in unserer 3 w\u00f6chigen Reise erf\u00fcllen.<\/p>\n\n\n\n<p><a href=\"http:\/\/klaushaberstroh.de\/?page_id=1535\">Hier geht es zum Marokko-Blog&#8230;.<\/a>.<\/p>\n\n\n\n<p>17.Januar 2018 &#8212;&#8212;&#8212;&#8212;&#8212;&#8212;&#8212;&#8212;&#8212;<\/p>\n\n\n\n<h4 class=\"wp-block-heading\"><strong>Vortragstermine:<\/strong><\/h4>\n\n\n\n<p><strong>Vortrag Sail&amp;Ski auf der CMT-Messe-Stuttgart Halle 10<\/strong><br>Do. 18.Januar 2018 &nbsp;14:35 Uhr<br>Sa. 20.Januar 2018 &nbsp; 16:20 Uhr<\/p>\n\n\n\n<p><strong>Vortrag &nbsp;Antarctic &#8211;&nbsp;Ski-Segel-Natur-Expedition<br><\/strong>Termin1:<br>25.Januar 2018 &nbsp;19:00 Uhr<br>Dorfgemeinschaftshaus Nu\u00dfdorf<\/p>\n\n\n\n<p>Termin 2:<br>22.Februar 2018 19:00 Uhr<br>Gemeindezentrum Ludwigshafen\/Bodensee<\/p>\n\n\n\n<p>10.Dezember&#8212;&#8212;&#8212;&#8212;&#8212;&#8212;&#8212;&#8212;&#8212;&#8212;&#8211;<\/p>\n\n\n\n<p>Wir hatten eine super Woche beim Catskiing &nbsp;in Sibirien.<br><a href=\"http:\/\/klaushaberstroh.de\/?page_id=1487\">Viel Spa\u00df mit der Bildergalerie&#8230;&#8230;..<\/a><\/p>\n\n\n\n<p>30.November&#8212;&#8212;&#8212;&#8212;&#8212;&#8212;&#8212;&#8212;&#8212;&#8212;&#8212;<\/p>\n\n\n\n<p>Nach tropischer Hitze und hoher Luftfeuchtigkeit geht&#8217;s in die trockene K\u00e4lte von Sibirien. Im Altai-Gebirge schneit es schon im Oktober in gro\u00dfen Mengen und ist somit ein optimaler Spot f\u00fcr Power Freaks. Im kleinen Ort Priiskovy gibt es eine Pistenraupe mit beheizter Kabine, die uns auf die umliegenden Berge f\u00e4hrt und dann<br>stauben wir durch die lichte W\u00e4lder .<\/p>\n\n\n\n<p>12.November&#8212;&#8212;&#8212;&#8212;&#8212;&#8212;&#8212;&#8212;&#8212;&#8212;&#8212;-<\/p>\n\n\n\n<p>Wir sind wieder zur\u00fcck von einer beeindruckenden und wundersch\u00f6nen Reise durch Myanmar. <a href=\"http:\/\/klaushaberstroh.de\/?page_id=1476\">Hier geht&#8217;s zu den ersten Bildern&#8230;&#8230;<\/a><\/p>\n\n\n\n<p>27.Juli 2017&#8212;&#8212;&#8212;&#8212;&#8212;&#8212;&#8212;&#8212;&#8212;&#8212;&#8212;&#8212;-<\/p>\n\n\n\n<p>Es geht wieder einmal auf gro\u00dfe Reise und zwar nach Myanmar.<br>Mit etwas flauem Gef\u00fchl im Magen wegen den aktuellen Unruhen wollen wir 6 Wochen in diesem noch urspr\u00fcnglichen buddhistischen Land verbringen.<\/p>\n\n\n\n<p>11.Juli 2017&#8212;&#8212;&#8212;&#8212;&#8212;&#8212;&#8212;&#8212;&#8212;&#8212;&#8212;&#8212;&#8211;<\/p>\n\n\n\n<p><a href=\"http:\/\/klaushaberstroh.de\/?page_id=1356\">Bilder vom verl\u00e4ngerten Wochenende in St.Petersburg<\/a><\/p>\n\n\n\n<p>25.Juni 2017&#8212;&#8212;&#8212;&#8212;&#8212;&#8212;&#8212;&#8212;&#8212;&#8212;&#8212;&#8212;-<\/p>\n\n\n\n<p>Nach 3 Wochen Segeln in Kroatien und einer eindrucksvollen Rundum 2017 hatte ich ein dickes Fotopaket zu bearbeiten und auszusortieren. Hier ein paar Eindr\u00fccke von einer erlebnisreichen Zeit:<\/p>\n\n\n\n<p><a href=\"http:\/\/klaushaberstroh.de\/?page_id=1329\">Segelt\u00f6rn Kornaten 2017<\/a><\/p>\n\n\n\n<p><a href=\"http:\/\/klaushaberstroh.de\/?page_id=1343\">Segelt\u00f6rn S\u00fcddalmatien 2017<\/a><\/p>\n\n\n\n<p><a href=\"http:\/\/klaushaberstroh.de\/?page_id=1336\">Rundum 2017<\/a><\/p>\n\n\n\n<p><strong>20.Juni 2017&#8212;&#8212;&#8212;&#8212;&#8212;&#8212;&#8212;&#8212;&#8212;&#8212;&#8212;-<\/strong><\/p>\n\n\n\n<p>Den Vortrag Polar Skiing \u00fcber Gr\u00f6nland und Antarktis haben wir auf den Herbst verschoben. Termin wird noch bekannt gegeben.<\/p>\n\n\n\n<p><strong>10.April 2017 &nbsp;&#8212;&#8212;&#8212;&#8212;&#8212;&#8212;&#8212;&#8212;&#8212;&#8212;&#8212;&#8212;<\/strong><\/p>\n\n\n\n<p>Die Segelsaison beginnt.<br>Vom 11.-22. April bin ich in Kroatien beim SKS Ausbildungst\u00f6rn f\u00fcr<br>die Segelschule Ludwigshafen<\/p>\n\n\n\n<h3 class=\"wp-block-heading\">19.Dezember 2016 &#8212;- &nbsp; Erste Bilder von einer fantastischen Reise in die Antarktis<\/h3>\n\n\n\n<p><a href=\"http:\/\/klaushaberstroh.de\/?page_id=1280\">Bilder von der Anreise aus Buenos Aires und Ushuaia&#8230;..<\/a><\/p>\n\n\n\n<p><a href=\"http:\/\/klaushaberstroh.de\/?page_id=1274\">&nbsp;Bilder von der Antarktis&#8230;<\/a><\/p>\n\n\n\n<p>&#8212;&#8212;&#8212;&#8212;&#8212;&#8212;&#8212;&#8212;&#8212;&#8212;&#8212;&#8212;&#8212;&#8212;&#8212;&#8212;&#8212;&#8212;&#8212;&#8212;&#8212;&#8212;-<\/p>\n\n\n\n<p>20.November 2016 &#8212;&#8211; Auf gehts in die Antarktis&#8212;&#8212;&#8211;<br>Die Vorarbeiten f\u00fcr unsere Antarktis-Segel-Skitouren-Expedition ist voll im Gange. Am 20.November fliege ich nach Buenos Aires und dann weiter nach Ushuaia. Mit der F\u00e4hre geht es nach Port Williams von wo aus wir mit dem Segelboot Santa Maria Australis in die Antarktis aufbrechen. Bin schon ziemlich aufgeregt&#8230;&#8230;<br>An Weihnachten komme ich wieder nach Hause<\/p>\n\n\n\n<p>25.10.2016 &#8212;&#8211; Segeln Liparische Inseln \/Sizilien<\/p>\n\n\n\n<p>Vor zwei Tagen sind wir von unserer Sizilien-Reise zur\u00fcck gekommen. In der ersten Woche besuchten wir die Ostk\u00fcste und verbrachten ein paar Tage in einem wundersch\u00f6nen Weingut am Fu\u00dfe des \u00c4tnas. In der zweiten Woche charterten wir zusammen mit Freunden ein Segelboot und segelten um die litauischen Inseln.<\/p>\n\n\n\n<p><a href=\"http:\/\/klaushaberstroh.de\/?page_id=1255\">Hier geht`s zur Galerie&#8230;.<\/a><\/p>\n\n\n\n<p>&#8211; 4.6.2016 &#8212;- Segeln Toskanische Inseln &nbsp;&#8212;&#8212;&#8212;&#8212;&#8212;&#8212;-<\/p>\n\n\n\n<p>Eine wundersch\u00f6ne Segelwoche mit Abschluss im toskanischen Weingut. <a title=\"Toskana\" href=\"http:\/\/klaushaberstroh.de\/?page_id=1029\">Hier geht`s zur Galerie&#8230;.<\/a><\/p>\n\n\n\n<p>&#8212;&#8212; &nbsp;Gr\u00f6nland Heliskiing &#8212;&#8212;&#8212;&#8212;&#8212;&#8212;&#8212;&#8212;&#8212;&#8212;&#8212;&#8212;&#8212;&#8212;&#8212;&#8212;&#8211;<\/p>\n\n\n\n<p>Wir sind zur\u00fcck von unserem Abenteuer Heliskiing in Gr\u00f6nland. Unglaubliches Wettergl\u00fcck bescherte uns unverge\u00dfliche Abfahrten mit Traumfirm bis an die Fjorde an der Ostk\u00fcste Gr\u00f6nlands. Das Gebiet heisst &#8220;Schweizerland&#8221; und dieser Name passt zu den bizarren Berge am Rande vom gewaltigen gr\u00f6nl\u00e4ndischen Inlandeis.<br>Gewohnt haben wir bei einer Inuit-Familie im abgelegenen Ort Kuummiut und wurden bestens versorgt.<\/p>\n\n\n\n<p><a title=\"Heliskiing Gr\u00f6nland 2016\" href=\"http:\/\/klaushaberstroh.de\/?page_id=1024\">Hier der Link zur Bildergalerie&#8230;.<\/a><\/p>\n\n\n\n<p>&#8212;&#8212;&#8211; &nbsp; &nbsp;Wichtig !!!!!!! &nbsp; &nbsp; &nbsp;Australien Vortrag &#8212;&#8212;&#8212;&#8212;&#8212;&#8212;&#8212;&#8212;&#8212;&#8212;&#8212;&#8212;&#8212;&#8212;&#8212;&#8212;&#8211;<br><span style=\"color: #ff0000;\">Der Australien-Vortrag am 27.April im Dorfgemeinschaftshaus Nu\u00dfdorf wird verschoben wegen dem Fu\u00dfball Champions League-Halbfinalspiel von Bayern M\u00fcnchen.<br>Neuer Termin wird noch bekannt gegeben.<\/span><\/p>\n\n\n\n<p>Vorschau Gr\u00f6nlandreise&#8212;&#8212;&#8212;&#8212;&#8212;&#8212;&#8212;&#8212;&#8212;&#8212;&#8212;&#8212;&#8212;&#8212;&#8211;<\/p>\n\n\n\n<p>Am 6.Mai starten wir unser n\u00e4chstes Abenteuer. Ziel ist die Ostk\u00fcste Gr\u00f6nlands. Das Gebirge heisst &#8220;Schweizerland&#8221; und dieses Gebiet hat diesen Namen verdient. &nbsp;Das Schweizerland bietet Berge mit \u00fcber 2000 Metern H\u00f6he direkt am Meer gelegen, bizarre Granitt\u00fcrme und gro\u00dfe Skiabfahrten. Wir werden die ersten sein die in diesem Gebiet mit dem Heli&nbsp;nach neuen Runs suchen auf denen noch keiner mit Skiern gefahren ist. Ausgangsort ist Kummuit, ein kleines Inuit-Dorf, in dem wir bei Familien untergebracht sind und Einblick bekommen in das Leben dieses Naturvolkes. Eine Reise bei der nicht nur das Skifahren sehr spannend ist. Die Vorfreude ist schon riesig.<\/p>\n\n\n<div class=\"wp-block-image\">\n<figure class=\"aligncenter\"><a href=\"http:\/\/klaushaberstroh.de\/wp-content\/uploads\/2015\/09\/Greenland-Dog-Sledding-22.jpg\"><img loading=\"lazy\" decoding=\"async\" width=\"1498\" height=\"434\" src=\"http:\/\/klaushaberstroh.de\/wp-content\/uploads\/2015\/09\/Greenland-Dog-Sledding-22.jpg\" alt=\"Greenland-Dog-Sledding-22\" class=\"wp-image-1004\" srcset=\"https:\/\/klaushaberstroh.de\/wp-content\/uploads\/2015\/09\/Greenland-Dog-Sledding-22.jpg 1498w, https:\/\/klaushaberstroh.de\/wp-content\/uploads\/2015\/09\/Greenland-Dog-Sledding-22-300x86.jpg 300w, https:\/\/klaushaberstroh.de\/wp-content\/uploads\/2015\/09\/Greenland-Dog-Sledding-22-1024x296.jpg 1024w\" sizes=\"auto, (max-width: 1498px) 100vw, 1498px\" \/><\/a><\/figure><\/div>\n\n<div class=\"wp-block-image\">\n<figure class=\"aligncenter\"><a href=\"http:\/\/klaushaberstroh.de\/wp-content\/uploads\/2015\/09\/Greenland-Polar-Training-22.jpg\"><img loading=\"lazy\" decoding=\"async\" width=\"1500\" height=\"1000\" src=\"http:\/\/klaushaberstroh.de\/wp-content\/uploads\/2015\/09\/Greenland-Polar-Training-22.jpg\" alt=\"Greenland-Polar-Training-22\" class=\"wp-image-1005\" srcset=\"https:\/\/klaushaberstroh.de\/wp-content\/uploads\/2015\/09\/Greenland-Polar-Training-22.jpg 1500w, https:\/\/klaushaberstroh.de\/wp-content\/uploads\/2015\/09\/Greenland-Polar-Training-22-300x200.jpg 300w, https:\/\/klaushaberstroh.de\/wp-content\/uploads\/2015\/09\/Greenland-Polar-Training-22-1024x682.jpg 1024w\" sizes=\"auto, (max-width: 1500px) 100vw, 1500px\" \/><\/a><\/figure><\/div>\n\n\n<p>25.M\u00e4rz 2016 &#8212;&#8212;&#8212;&#8212;&#8212;&#8212;&#8212;&#8212;&#8212;&#8212;&#8212;&#8212;&#8212;&#8212;<\/p>\n\n\n\n<p>Gr\u00fc\u00dfe aus Swanetien<\/p>\n\n\n\n<p>Swanetien ist eine historische Region im &nbsp;Kaukasus mit spektakul\u00e4ren Bergen. &nbsp;Mit dem Heli er\u00f6ffnet sich ein riesiges Skigel\u00e4nde. <a title=\"Heliskiing Swanetien\" href=\"http:\/\/klaushaberstroh.de\/?page_id=991\">Hier geht`s zu den Bildern&#8230;.<\/a><\/p>\n\n\n\n<p>&#8212;&#8212;&#8212;&#8212;&#8212;&#8212;&#8212;&#8212;&#8212;&#8212;&#8212;&#8212;&#8212;&#8212;&#8212;&#8212;&#8212;&#8212;&#8212;&#8212;<\/p>\n\n\n\n<h1 class=\"wp-block-heading\">Vortrag Australien<\/h1>\n\n\n\n<p>7 Wochen unterwegs in Down Under <a title=\"Vortrag Australien\" href=\"http:\/\/klaushaberstroh.de\/?page_id=978\">( &#8230;mehr Infos )<\/a><\/p>\n\n\n<div class=\"wp-block-image\">\n<figure class=\"alignleft\"><a href=\"http:\/\/klaushaberstroh.de\/wp-content\/uploads\/2016\/02\/PlakatAustralien.jpg\"><img loading=\"lazy\" decoding=\"async\" width=\"637\" height=\"906\" src=\"http:\/\/klaushaberstroh.de\/wp-content\/uploads\/2016\/02\/PlakatAustralien.jpg\" alt=\"PlakatAustralien\" class=\"wp-image-979\" srcset=\"https:\/\/klaushaberstroh.de\/wp-content\/uploads\/2016\/02\/PlakatAustralien.jpg 637w, https:\/\/klaushaberstroh.de\/wp-content\/uploads\/2016\/02\/PlakatAustralien-210x300.jpg 210w\" sizes=\"auto, (max-width: 637px) 100vw, 637px\" \/><\/a><\/figure><\/div>\n\n\n<p>&#8212;&#8212;&#8212;&#8212;&#8212;&#8212;&#8212;&#8212;&#8212;&#8212;&#8212;&#8212;&#8212;&#8212;&#8212;&#8211;<\/p>\n\n\n\n<h1 class=\"wp-block-heading\"><strong>Vortrag South Georgia<\/strong><\/h1>\n\n\n\n<p>Ski-Segel-Naturexpedition am Rande der Antarktis<\/p>\n\n\n\n<p>Mulitvisionsvortrag von Klaus Haberstroh<\/p>\n\n\n\n<p>15.Januar 2016 &nbsp; 20:00 Uhr<br>in der Aula des IKG Tuttlingen<\/p>\n\n\n\n<p>6.Dezember 2015 &#8212;&#8212;&#8212;&#8212;&#8212;&#8212;&#8212;&#8212;&#8212;&#8212;&#8212;&#8212;&#8212;&#8212;&#8212;-<\/p>\n\n\n\n<p><strong>Ich stelle aus:<br><\/strong><strong><span style=\"color: #339966;\">Adventszauber am See<br><\/span><\/strong><strong><span style=\"color: #339966;\">Sonntag 6.Dezember 13:00 Uhr<br><\/span><\/strong><strong><span style=\"color: #339966;\">beim Zollhaus<\/span> <span style=\"color: #339966;\">Ludwigshafen<\/span><\/strong><\/p>\n\n\n\n<p><strong>&#8211; Neue hochwertige Wandposter ( Alubond Direktdruck )<\/strong><br><strong>&#8211; Kalender 2016<\/strong><br><strong>&#8211; Weihnachtskarten<\/strong><\/p>\n\n\n\n<p>September 2015 &nbsp;&#8212;&#8212;&#8212;&#8212;&#8212;&#8212;&#8212;&#8212;&#8212;&#8212;&#8212;&#8212;&#8212;&#8212;&#8211;<\/p>\n\n\n\n<p><a title=\"Australien Blog\" href=\"http:\/\/klaushaberstroh.de\/?page_id=856\">Gr\u00fc\u00dfe aus Australien&#8230;&#8230;<\/a><\/p>\n\n\n\n<p>&#8212;&#8212;&#8212;&#8212;&#8212;&#8212;&#8212;&#8212;&#8212;&#8212;&#8212;&#8212;&#8212;&#8212;&#8212;&#8212;&#8212;&#8212;&#8212;&#8212;&#8212;&#8212;&#8212;-<\/p>\n","protected":false},"excerpt":{"rendered":"<p>Wir sind dann mal weg&#8230;. Hier geht es zum Reiseblog &#8212;&#8212;&#8212;&#8212;&#8212;&#8212;&#8212;&#8212;&#8212;&#8212;&#8212;&#8212;&#8212;&#8212;&#8212;&#8212;&#8212;&#8211; Vortrag Myanmar Fr. 9.Mai 2025 20:00 Uhr im Boulder&amp;Kletterzentrum Volksbank Vertical in \u00dcberlingen Mi. 21.Mai 2025 20:00 Uhr Haus der Begegnung S.Pirmin auf der Reichenau Fr. 23.Mai 2025 20:00 Uhr im Gemeindezentrum Bodman-Ludwigshafen Viele Jahrzehnte war Myanmar von einer brutalen Milit\u00e4rdiktatur unterdr\u00fcckt und von &hellip; <a href=\"https:\/\/klaushaberstroh.de\/?page_id=852\" class=\"more-link\">Continue reading <span class=\"screen-reader-text\">Aktuell<\/span> <span class=\"meta-nav\">&rarr;<\/span><\/a><\/p>\n","protected":false},"author":1,"featured_media":0,"parent":0,"menu_order":0,"comment_status":"closed","ping_status":"closed","template":"","meta":{"footnotes":""},"class_list":["post-852","page","type-page","status-publish","hentry"],"_links":{"self":[{"href":"https:\/\/klaushaberstroh.de\/index.php?rest_route=\/wp\/v2\/pages\/852","targetHints":{"allow":["GET"]}}],"collection":[{"href":"https:\/\/klaushaberstroh.de\/index.php?rest_route=\/wp\/v2\/pages"}],"about":[{"href":"https:\/\/klaushaberstroh.de\/index.php?rest_route=\/wp\/v2\/types\/page"}],"author":[{"embeddable":true,"href":"https:\/\/klaushaberstroh.de\/index.php?rest_route=\/wp\/v2\/users\/1"}],"replies":[{"embeddable":true,"href":"https:\/\/klaushaberstroh.de\/index.php?rest_route=%2Fwp%2Fv2%2Fcomments&post=852"}],"version-history":[{"count":86,"href":"https:\/\/klaushaberstroh.de\/index.php?rest_route=\/wp\/v2\/pages\/852\/revisions"}],"predecessor-version":[{"id":2200,"href":"https:\/\/klaushaberstroh.de\/index.php?rest_route=\/wp\/v2\/pages\/852\/revisions\/2200"}],"wp:attachment":[{"href":"https:\/\/klaushaberstroh.de\/index.php?rest_route=%2Fwp%2Fv2%2Fmedia&parent=852"}],"curies":[{"name":"wp","href":"https:\/\/api.w.org\/{rel}","templated":true}]}}