{"id":770,"date":"2015-07-22T15:14:27","date_gmt":"2015-07-22T15:14:27","guid":{"rendered":"http:\/\/klaushaberstroh.de\/?page_id=770"},"modified":"2015-07-27T10:40:29","modified_gmt":"2015-07-27T10:40:29","slug":"vortrag-spitzbergen","status":"publish","type":"page","link":"https:\/\/klaushaberstroh.de\/?page_id=770","title":{"rendered":"Vortrag Spitzbergen"},"content":{"rendered":"<p><a href=\"http:\/\/klaushaberstroh.de\/wp-content\/uploads\/2015\/07\/Druckansicht-\u00dcberlingen-\u00dcberlinger-erlebt-das-gro\u00dfe-Schweigen-am-Ende-der-Welt-S\u00dcDKURIER-Online.pdf\">\u00a0<\/a>Multivisionsvortrag von einer Ski und Segeltour in Spitzbergen<\/p>\n<p><a href=\"http:\/\/klaushaberstroh.de\/wp-content\/uploads\/2015\/07\/PlakatKlein.jpg\"><img loading=\"lazy\" decoding=\"async\" class=\"alignleft  wp-image-776\" alt=\"PlakatKlein\" src=\"http:\/\/klaushaberstroh.de\/wp-content\/uploads\/2015\/07\/PlakatKlein.jpg\" width=\"235\" height=\"331\" srcset=\"https:\/\/klaushaberstroh.de\/wp-content\/uploads\/2015\/07\/PlakatKlein.jpg 651w, https:\/\/klaushaberstroh.de\/wp-content\/uploads\/2015\/07\/PlakatKlein-212x300.jpg 212w\" sizes=\"auto, (max-width: 235px) 100vw, 235px\" \/><\/a>Spitzbergen liegt am 80\u00b0 n\u00f6rdlichen Breitengrad zwischen dem Nordkap und dem Nordpol. \u00a0 Von Longyearbyn starteten wir mit dem Segelboot Arctica II in einsame Buchten auf der Westseite von Spitzbergen und bestiegen mit unseren Tourenskiern wundersch\u00f6ne Berge. \u00a0Die Eislandschaft von Spitzbergen ist atemberaubend. H\u00f6hepunkt der Reise war die Begegnung mit einem Eisb\u00e4ren. Die tiefstehende Sonne, die in dieser Jahreszeit nicht untergeht, erm\u00f6glicht spektakul\u00e4re Bilder die sie begeistern werden.<\/p>\n<p>Live kommentierter Multimediavortrag.<br \/>\nDauer: \u00a0120min mit Pause<\/p>\n<h1>\u00a0Presse:<\/h1>\n<p><a href=\"http:\/\/klaushaberstroh.de\/wp-content\/uploads\/2015\/07\/2015_03_12-S\u00fcdkurierVortragSpitzbergen.pdf\"><span style=\"color: #008000;\"><span style=\"color: #008000;\">2015_03_12-S\u00fcdkurierBerichtVortrag<\/span>Spitzbergen<\/span><\/a><\/p>\n<p>&nbsp;<\/p>\n<p>&nbsp;<\/p>\n<p>&nbsp;<\/p>\n","protected":false},"excerpt":{"rendered":"<p>\u00a0Multivisionsvortrag von einer Ski und Segeltour in Spitzbergen Spitzbergen liegt am 80\u00b0 n\u00f6rdlichen Breitengrad zwischen dem Nordkap und dem Nordpol. \u00a0 Von Longyearbyn starteten wir mit dem Segelboot Arctica II in einsame Buchten auf der Westseite von Spitzbergen und bestiegen mit unseren Tourenskiern wundersch\u00f6ne Berge. \u00a0Die Eislandschaft von Spitzbergen ist atemberaubend. H\u00f6hepunkt der Reise war &hellip; <a href=\"https:\/\/klaushaberstroh.de\/?page_id=770\" class=\"more-link\">Continue reading <span class=\"screen-reader-text\">Vortrag Spitzbergen<\/span> <span class=\"meta-nav\">&rarr;<\/span><\/a><\/p>\n","protected":false},"author":1,"featured_media":0,"parent":248,"menu_order":0,"comment_status":"closed","ping_status":"closed","template":"","meta":{"footnotes":""},"class_list":["post-770","page","type-page","status-publish","hentry"],"_links":{"self":[{"href":"https:\/\/klaushaberstroh.de\/index.php?rest_route=\/wp\/v2\/pages\/770","targetHints":{"allow":["GET"]}}],"collection":[{"href":"https:\/\/klaushaberstroh.de\/index.php?rest_route=\/wp\/v2\/pages"}],"about":[{"href":"https:\/\/klaushaberstroh.de\/index.php?rest_route=\/wp\/v2\/types\/page"}],"author":[{"embeddable":true,"href":"https:\/\/klaushaberstroh.de\/index.php?rest_route=\/wp\/v2\/users\/1"}],"replies":[{"embeddable":true,"href":"https:\/\/klaushaberstroh.de\/index.php?rest_route=%2Fwp%2Fv2%2Fcomments&post=770"}],"version-history":[{"count":13,"href":"https:\/\/klaushaberstroh.de\/index.php?rest_route=\/wp\/v2\/pages\/770\/revisions"}],"predecessor-version":[{"id":840,"href":"https:\/\/klaushaberstroh.de\/index.php?rest_route=\/wp\/v2\/pages\/770\/revisions\/840"}],"up":[{"embeddable":true,"href":"https:\/\/klaushaberstroh.de\/index.php?rest_route=\/wp\/v2\/pages\/248"}],"wp:attachment":[{"href":"https:\/\/klaushaberstroh.de\/index.php?rest_route=%2Fwp%2Fv2%2Fmedia&parent=770"}],"curies":[{"name":"wp","href":"https:\/\/api.w.org\/{rel}","templated":true}]}}