{"id":587,"date":"2015-05-11T16:47:31","date_gmt":"2015-05-11T16:47:31","guid":{"rendered":"http:\/\/klaushaberstroh.de\/?page_id=587"},"modified":"2015-07-26T09:28:29","modified_gmt":"2015-07-26T09:28:29","slug":"galerie","status":"publish","type":"page","link":"https:\/\/klaushaberstroh.de\/?page_id=587","title":{"rendered":"Galerien"},"content":{"rendered":"<p>Mit einer Auswahl von Bildergalerien m\u00f6chte ich sie mitnehmen auf meine abenteuerlichen Reisen. Die Bildergalerien sollen zeigen wie ich diese wundersch\u00f6nen Pl\u00e4tze unserer Erde sehe und mit meiner Kamera festhalte. Gerne k\u00f6nnen Sie die Bilder kommentieren und bewerten. Ich bin f\u00fcr jeden Tip und jede Kritik sehr dankbar.<br \/>\nViel Spa\u00df bei meinen Reisen.<\/p>\n","protected":false},"excerpt":{"rendered":"<p>Mit einer Auswahl von Bildergalerien m\u00f6chte ich sie mitnehmen auf meine abenteuerlichen Reisen. Die Bildergalerien sollen zeigen wie ich diese wundersch\u00f6nen Pl\u00e4tze unserer Erde sehe und mit meiner Kamera festhalte. Gerne k\u00f6nnen Sie die Bilder kommentieren und bewerten. Ich bin f\u00fcr jeden Tip und jede Kritik sehr dankbar. Viel Spa\u00df bei meinen Reisen.<\/p>\n","protected":false},"author":1,"featured_media":0,"parent":0,"menu_order":0,"comment_status":"closed","ping_status":"closed","template":"","meta":{"footnotes":""},"class_list":["post-587","page","type-page","status-publish","hentry"],"_links":{"self":[{"href":"https:\/\/klaushaberstroh.de\/index.php?rest_route=\/wp\/v2\/pages\/587","targetHints":{"allow":["GET"]}}],"collection":[{"href":"https:\/\/klaushaberstroh.de\/index.php?rest_route=\/wp\/v2\/pages"}],"about":[{"href":"https:\/\/klaushaberstroh.de\/index.php?rest_route=\/wp\/v2\/types\/page"}],"author":[{"embeddable":true,"href":"https:\/\/klaushaberstroh.de\/index.php?rest_route=\/wp\/v2\/users\/1"}],"replies":[{"embeddable":true,"href":"https:\/\/klaushaberstroh.de\/index.php?rest_route=%2Fwp%2Fv2%2Fcomments&post=587"}],"version-history":[{"count":18,"href":"https:\/\/klaushaberstroh.de\/index.php?rest_route=\/wp\/v2\/pages\/587\/revisions"}],"predecessor-version":[{"id":824,"href":"https:\/\/klaushaberstroh.de\/index.php?rest_route=\/wp\/v2\/pages\/587\/revisions\/824"}],"wp:attachment":[{"href":"https:\/\/klaushaberstroh.de\/index.php?rest_route=%2Fwp%2Fv2%2Fmedia&parent=587"}],"curies":[{"name":"wp","href":"https:\/\/api.w.org\/{rel}","templated":true}]}}