{"id":269,"date":"2014-05-19T22:01:58","date_gmt":"2014-05-19T22:01:58","guid":{"rendered":"http:\/\/klaushaberstroh.de\/?page_id=269"},"modified":"2015-07-27T10:36:27","modified_gmt":"2015-07-27T10:36:27","slug":"peru-expedition","status":"publish","type":"page","link":"https:\/\/klaushaberstroh.de\/?page_id=269","title":{"rendered":"Vortrag Peru Expedition"},"content":{"rendered":"<p><img loading=\"lazy\" decoding=\"async\" class=\"wp-image-271 alignright\" title=\"Plakat Peru Vortrag\" alt=\"Plakat PeruVortrag\" src=\"http:\/\/klaushaberstroh.de\/wp-content\/uploads\/2014\/05\/Plakat-PeruVortrag.jpg\" width=\"235\" height=\"332\" srcset=\"https:\/\/klaushaberstroh.de\/wp-content\/uploads\/2014\/05\/Plakat-PeruVortrag.jpg 654w, https:\/\/klaushaberstroh.de\/wp-content\/uploads\/2014\/05\/Plakat-PeruVortrag-213x300.jpg 213w\" sizes=\"auto, (max-width: 235px) 100vw, 235px\" \/><b>Multivisionsvortrag \u00fcber die Besteigung von 2 Eisriesen in Peru<br \/>\n<\/b>Im August 2007 bestieg ich mit einer deutsch-\u00f6sterreichische\u00a0Expedition zwei faszinierende Eisriesen in Peru. Der 5947m hohe Alpamayo ist einer der sch\u00f6nsten Berg unserer Erde. Seine ber\u00fchmte Eiswand haben wir \u00fcber die schwere und sehr steile Franzosen-route bezwungen. Der Huascaran Sur, ist mit 6768m der h\u00f6chste Berg Perus und einer der h\u00f6chsten Berge S\u00fcdamerikas. Beide Berge geh\u00f6ren zur Cordillera Blanca im Norden von Peru, einer Landschaft die an Sch\u00f6nheit kaum zu \u00fcberbieten ist.<br \/>\nDie Expedition wurde geleitet von dem \u00f6sterreichischen H\u00f6henbergsteiger Herbert Wolf, der wenige Wochen zuvor den Mount Everest bestiegen hat. Unterst\u00fctzt wurde die Expedition von 2 peruanischen Bergf\u00fchrern und 10 Tr\u00e4gern.<\/p>\n<p><span style=\"line-height: 1.5;\">Live kommentierter Multimediavortrag.<\/span><br \/>\nDauer: \u00a0100min mit Pause<\/p>\n","protected":false},"excerpt":{"rendered":"<p>Multivisionsvortrag \u00fcber die Besteigung von 2 Eisriesen in Peru Im August 2007 bestieg ich mit einer deutsch-\u00f6sterreichische\u00a0Expedition zwei faszinierende Eisriesen in Peru. Der 5947m hohe Alpamayo ist einer der sch\u00f6nsten Berg unserer Erde. Seine ber\u00fchmte Eiswand haben wir \u00fcber die schwere und sehr steile Franzosen-route bezwungen. Der Huascaran Sur, ist mit 6768m der h\u00f6chste Berg &hellip; <a href=\"https:\/\/klaushaberstroh.de\/?page_id=269\" class=\"more-link\">Continue reading <span class=\"screen-reader-text\">Vortrag Peru Expedition<\/span> <span class=\"meta-nav\">&rarr;<\/span><\/a><\/p>\n","protected":false},"author":1,"featured_media":0,"parent":248,"menu_order":0,"comment_status":"closed","ping_status":"closed","template":"","meta":{"footnotes":""},"class_list":["post-269","page","type-page","status-publish","hentry"],"_links":{"self":[{"href":"https:\/\/klaushaberstroh.de\/index.php?rest_route=\/wp\/v2\/pages\/269","targetHints":{"allow":["GET"]}}],"collection":[{"href":"https:\/\/klaushaberstroh.de\/index.php?rest_route=\/wp\/v2\/pages"}],"about":[{"href":"https:\/\/klaushaberstroh.de\/index.php?rest_route=\/wp\/v2\/types\/page"}],"author":[{"embeddable":true,"href":"https:\/\/klaushaberstroh.de\/index.php?rest_route=\/wp\/v2\/users\/1"}],"replies":[{"embeddable":true,"href":"https:\/\/klaushaberstroh.de\/index.php?rest_route=%2Fwp%2Fv2%2Fcomments&post=269"}],"version-history":[{"count":15,"href":"https:\/\/klaushaberstroh.de\/index.php?rest_route=\/wp\/v2\/pages\/269\/revisions"}],"predecessor-version":[{"id":837,"href":"https:\/\/klaushaberstroh.de\/index.php?rest_route=\/wp\/v2\/pages\/269\/revisions\/837"}],"up":[{"embeddable":true,"href":"https:\/\/klaushaberstroh.de\/index.php?rest_route=\/wp\/v2\/pages\/248"}],"wp:attachment":[{"href":"https:\/\/klaushaberstroh.de\/index.php?rest_route=%2Fwp%2Fv2%2Fmedia&parent=269"}],"curies":[{"name":"wp","href":"https:\/\/api.w.org\/{rel}","templated":true}]}}