{"id":256,"date":"2014-05-19T21:31:14","date_gmt":"2014-05-19T21:31:14","guid":{"rendered":"http:\/\/klaushaberstroh.de\/?page_id=256"},"modified":"2015-12-15T22:17:52","modified_gmt":"2015-12-15T22:17:52","slug":"south-georgia-auf-den-spuren-von-sir-ernest-schackelton","status":"publish","type":"page","link":"https:\/\/klaushaberstroh.de\/?page_id=256","title":{"rendered":"Vortrag South Georgia Expedition"},"content":{"rendered":"<p>Multivisionsvortrag von einer Ski-Segel-Natur-Expedition am Rande der Antarktis<\/p>\n<p><img loading=\"lazy\" decoding=\"async\" class=\"wp-image-257 alignright\" alt=\"Plakat-DAV\" src=\"http:\/\/klaushaberstroh.de\/wp-content\/uploads\/2014\/05\/Plakat-DAV.jpg\" width=\"157\" height=\"222\" srcset=\"https:\/\/klaushaberstroh.de\/wp-content\/uploads\/2014\/05\/Plakat-DAV.jpg 728w, https:\/\/klaushaberstroh.de\/wp-content\/uploads\/2014\/05\/Plakat-DAV-212x300.jpg 212w, https:\/\/klaushaberstroh.de\/wp-content\/uploads\/2014\/05\/Plakat-DAV-725x1024.jpg 725w\" sizes=\"auto, (max-width: 157px) 100vw, 157px\" \/><span style=\"line-height: 1.5;\">\u00a0<\/span>Die Insel South Georgia liegt am Rande der Antarktis und ist einer der entlegensten und spektakul\u00e4rsten Naturschaupl\u00e4tze unserer Erde. Auf der vergletscherten Insel ragen Berge bis auf fast 3000m und an der K\u00fcste leben riesige Kolonien von K\u00f6nigspinguinen und vielen anderen antarktischen Tieren. Wer die Insel besuchen m\u00f6chte muss 1400 km mit dem Segelboot durch den st\u00fcrmisch S\u00fcdatlantik segeln und gegen den Wind unter extremsten Bedingungen wieder zur\u00fcck.<\/p>\n<p>Auf der Insel hat das Expeditionsteam Skitouren unternommen und die beindruckende antarktische Tierwelt beobachtet.<br \/>\nEs ist ein Vortrag f\u00fcr Segler, Bergsteiger und Naturliebhaber mit spannenden Eindr\u00fccken vom extremen Hochseesegeln, von Skitouren am Ende der Welt und von der hautnahem Begegnung mit der wundersch\u00f6nen antarktischen Tierwelt.<\/p>\n<p>Live kommentierter Multimediavortrag.<br \/>\nDauer: \u00a0120min mit Pause<\/p>\n<h1>\u00a0Presse:<\/h1>\n<p><a href=\"http:\/\/klaushaberstroh.de\/wp-content\/uploads\/2014\/05\/20140205-InterviewS\u00fcdkurier.pdf\">20140205-InterviewS\u00fcdkurier<\/a><\/p>\n<p><a href=\"http:\/\/klaushaberstroh.de\/wp-content\/uploads\/2014\/05\/2014_03_22-S\u00fcdkurierBerichtVortrag.pdf\">2014_03_22-S\u00fcdkurierBerichtVortrag<\/a><\/p>\n<p>&nbsp;<\/p>\n<h1>Termine:<\/h1>\n<p>15.Januar 2016 20:00 Uhr in Tuttlingen<br \/>\nAula IKG-Tuttlingen<\/p>\n<p>&nbsp;<\/p>\n","protected":false},"excerpt":{"rendered":"<p>Multivisionsvortrag von einer Ski-Segel-Natur-Expedition am Rande der Antarktis \u00a0Die Insel South Georgia liegt am Rande der Antarktis und ist einer der entlegensten und spektakul\u00e4rsten Naturschaupl\u00e4tze unserer Erde. Auf der vergletscherten Insel ragen Berge bis auf fast 3000m und an der K\u00fcste leben riesige Kolonien von K\u00f6nigspinguinen und vielen anderen antarktischen Tieren. Wer die Insel besuchen &hellip; <a href=\"https:\/\/klaushaberstroh.de\/?page_id=256\" class=\"more-link\">Continue reading <span class=\"screen-reader-text\">Vortrag South Georgia Expedition<\/span> <span class=\"meta-nav\">&rarr;<\/span><\/a><\/p>\n","protected":false},"author":1,"featured_media":0,"parent":248,"menu_order":0,"comment_status":"closed","ping_status":"closed","template":"","meta":{"footnotes":""},"class_list":["post-256","page","type-page","status-publish","hentry"],"_links":{"self":[{"href":"https:\/\/klaushaberstroh.de\/index.php?rest_route=\/wp\/v2\/pages\/256","targetHints":{"allow":["GET"]}}],"collection":[{"href":"https:\/\/klaushaberstroh.de\/index.php?rest_route=\/wp\/v2\/pages"}],"about":[{"href":"https:\/\/klaushaberstroh.de\/index.php?rest_route=\/wp\/v2\/types\/page"}],"author":[{"embeddable":true,"href":"https:\/\/klaushaberstroh.de\/index.php?rest_route=\/wp\/v2\/users\/1"}],"replies":[{"embeddable":true,"href":"https:\/\/klaushaberstroh.de\/index.php?rest_route=%2Fwp%2Fv2%2Fcomments&post=256"}],"version-history":[{"count":16,"href":"https:\/\/klaushaberstroh.de\/index.php?rest_route=\/wp\/v2\/pages\/256\/revisions"}],"predecessor-version":[{"id":972,"href":"https:\/\/klaushaberstroh.de\/index.php?rest_route=\/wp\/v2\/pages\/256\/revisions\/972"}],"up":[{"embeddable":true,"href":"https:\/\/klaushaberstroh.de\/index.php?rest_route=\/wp\/v2\/pages\/248"}],"wp:attachment":[{"href":"https:\/\/klaushaberstroh.de\/index.php?rest_route=%2Fwp%2Fv2%2Fmedia&parent=256"}],"curies":[{"name":"wp","href":"https:\/\/api.w.org\/{rel}","templated":true}]}}