{"id":237,"date":"2014-05-19T19:37:37","date_gmt":"2014-05-19T19:37:37","guid":{"rendered":"http:\/\/klaushaberstroh.de\/?page_id=237"},"modified":"2025-01-07T10:05:34","modified_gmt":"2025-01-07T10:05:34","slug":"vortraege","status":"publish","type":"page","link":"https:\/\/klaushaberstroh.de\/?page_id=237","title":{"rendered":"Vortrag Aconcagua 360\u00b0"},"content":{"rendered":"<p>Multivisionsvortrag \u00fcber die \u00dcberschreitung des Aconcagua<\/p>\n<p><img loading=\"lazy\" decoding=\"async\" class=\"wp-image-241 alignright\" alt=\"PlakatVortragAconcagua\" src=\"http:\/\/klaushaberstroh.de\/wp-content\/uploads\/2014\/05\/PlakatVortragAconcagua1.jpg\" width=\"138\" height=\"184\" srcset=\"https:\/\/klaushaberstroh.de\/wp-content\/uploads\/2014\/05\/PlakatVortragAconcagua1.jpg 383w, https:\/\/klaushaberstroh.de\/wp-content\/uploads\/2014\/05\/PlakatVortragAconcagua1-225x300.jpg 225w\" sizes=\"auto, (max-width: 138px) 100vw, 138px\" \/><\/p>\n<p>Der Aconcagua ist mit 6962m der h\u00f6chste Berg S\u00fcdamerikas und des amerikanischen Doppelkontinents, der h\u00f6chste Berg ausserhalb Asiens und in der Rangfolge der h\u00f6chsten Berge unserer Erde auf Platz 188. Er geh\u00f6rt zu den Seven Summits.<br \/>\nDiese Superlativen und die Tatsache, dass der Berg technisch nicht besonders anspruchsvoll ist zieht jedes Jahr sehr viele Bergsteiger an. Viele unerfahrene Bergsteiger scheitern, da dieser Berg allein durch seine H\u00f6he und die extremen Wetterverh\u00e4ltnisse doch einiges abverlangt.<br \/>\n<span style=\"line-height: 1.5;\">Am 11.Januar 2012 hatte ich das Gl\u00fcck, dass ich auf diesem Gipfel stand. Dass wir den Berg nicht auf dem Normalweg bestiegen haben, sondern eine \u00dcberschreitung durchgef\u00fchrt haben war ein ganz\u00a0<\/span><span style=\"line-height: 1.5;\">besonderes Erlebnis.<br \/>\n<\/span><\/p>\n<p>Live kommentierter Multimediavortrag.<br \/>\nDauer: \u00a0100min mit Pause<\/p>\n<p>&nbsp;<\/p>\n","protected":false},"excerpt":{"rendered":"<p>Multivisionsvortrag \u00fcber die \u00dcberschreitung des Aconcagua Der Aconcagua ist mit 6962m der h\u00f6chste Berg S\u00fcdamerikas und des amerikanischen Doppelkontinents, der h\u00f6chste Berg ausserhalb Asiens und in der Rangfolge der h\u00f6chsten Berge unserer Erde auf Platz 188. Er geh\u00f6rt zu den Seven Summits. Diese Superlativen und die Tatsache, dass der Berg technisch nicht besonders anspruchsvoll ist &hellip; <a href=\"https:\/\/klaushaberstroh.de\/?page_id=237\" class=\"more-link\">Continue reading <span class=\"screen-reader-text\">Vortrag Aconcagua 360\u00b0<\/span> <span class=\"meta-nav\">&rarr;<\/span><\/a><\/p>\n","protected":false},"author":1,"featured_media":0,"parent":248,"menu_order":0,"comment_status":"closed","ping_status":"closed","template":"","meta":{"footnotes":""},"class_list":["post-237","page","type-page","status-publish","hentry"],"_links":{"self":[{"href":"https:\/\/klaushaberstroh.de\/index.php?rest_route=\/wp\/v2\/pages\/237","targetHints":{"allow":["GET"]}}],"collection":[{"href":"https:\/\/klaushaberstroh.de\/index.php?rest_route=\/wp\/v2\/pages"}],"about":[{"href":"https:\/\/klaushaberstroh.de\/index.php?rest_route=\/wp\/v2\/types\/page"}],"author":[{"embeddable":true,"href":"https:\/\/klaushaberstroh.de\/index.php?rest_route=\/wp\/v2\/users\/1"}],"replies":[{"embeddable":true,"href":"https:\/\/klaushaberstroh.de\/index.php?rest_route=%2Fwp%2Fv2%2Fcomments&post=237"}],"version-history":[{"count":16,"href":"https:\/\/klaushaberstroh.de\/index.php?rest_route=\/wp\/v2\/pages\/237\/revisions"}],"predecessor-version":[{"id":839,"href":"https:\/\/klaushaberstroh.de\/index.php?rest_route=\/wp\/v2\/pages\/237\/revisions\/839"}],"up":[{"embeddable":true,"href":"https:\/\/klaushaberstroh.de\/index.php?rest_route=\/wp\/v2\/pages\/248"}],"wp:attachment":[{"href":"https:\/\/klaushaberstroh.de\/index.php?rest_route=%2Fwp%2Fv2%2Fmedia&parent=237"}],"curies":[{"name":"wp","href":"https:\/\/api.w.org\/{rel}","templated":true}]}}