{"id":2042,"date":"2025-01-07T10:10:24","date_gmt":"2025-01-07T10:10:24","guid":{"rendered":"https:\/\/klaushaberstroh.de\/?page_id=2042"},"modified":"2025-03-12T21:56:45","modified_gmt":"2025-03-12T21:56:45","slug":"vortrag-antarctica","status":"publish","type":"page","link":"https:\/\/klaushaberstroh.de\/?page_id=2042","title":{"rendered":"Vortrag Antarctica 2024"},"content":{"rendered":"<p>Multivisionsvortrag<br \/>\u00fcber eine Segel-Ski-Natur-Expedition zum s\u00fcdlichsten Kontinent<\/p>\n<p><img loading=\"lazy\" decoding=\"async\" class=\"wp-image-241 alignright\" src=\"http:\/\/klaushaberstroh.de\/wp-content\/uploads\/2025\/01\/PlakatAntarctica-DAV-3.jpg\" alt=\"PlakatVortragAconcagua\" width=\"138\" height=\"184\" \/><\/p>\n<p>Mit dem Segelboot 600 sm von Feuerland \u00fcber die Drake Passage auf die antarktische Halbinsel.<br \/>Die Drake Passage ist das extremste Segelrevier der Erde mit starken Winden und hohem Seegang.<br \/>Mit den ersten Eisbergen taucht man in eine fremde Welt aus Eis und Schnee. Die Berge auf der arktischen Halbinsel sind fast 3000m hoch und eingebettet in gewaltige Gletscher. Zwischen den Bergen atemberaubende Fjorde und Wasserstrassen auf denen man mit dem Segelboot unterwegs ist. Das Segelboot ist das Basislager f\u00fcr die Skitouren. Mit dem Beiboot setzen wir \u00fcber an Land. Es gibt nur wenige Stellen zwischen den hohen Gletscherabbr\u00fcchen an den man anlanden kann. Gr\u00f6\u00dfte Herausforderung bei den Skitouren sind die vielen und gewaltigen Gletscherspalten. Die Aufstiege auf die bis zu 1000m hohen Skiberge in dieser gewaltigen Landschaft ist ein ganz besonderes Erlebnis. Bei der Abfahrt f\u00e4hrt man bei bester Schneequalit\u00e4t mit Blick auf das Meer bis zum Ausgangspunkt wo das Beiboot wartet. Spektakul\u00e4r ist auch die arktische Tierwelt. Pigunine, Seel\u00f6wen, Robben, Seelepoarden, Wahle und wundersch\u00f6ne arktische V\u00f6gel.<br \/>Eine ganz besondere Reise mit ganz besonderen hochwertigen Bilder und Filmen die auf einer Gro\u00dfleinwand pr\u00e4sentiert werden.<\/p>\n<p>Vortragstermin:<\/p>\n<p>Donnerstag 6.Februar 2025 19:00 Uhr<br \/>DAV Boulder&amp;Kletterzentrum Volksbank Vertical<br \/>Sankt-Johann-Strasse 15 in \u00dcberlingen<\/p>\n<p>Dienstag 11.M\u00e4rz 2025 19:00 Uhr<br \/>Gemeindezentrum Bodman-Ludwigshafen<\/p>\n\n\n<p><\/p>\n","protected":false},"excerpt":{"rendered":"<p>Multivisionsvortrag\u00fcber eine Segel-Ski-Natur-Expedition zum s\u00fcdlichsten Kontinent Mit dem Segelboot 600 sm von Feuerland \u00fcber die Drake Passage auf die antarktische Halbinsel.Die Drake Passage ist das extremste Segelrevier der Erde mit starken Winden und hohem Seegang.Mit den ersten Eisbergen taucht man in eine fremde Welt aus Eis und Schnee. Die Berge auf der arktischen Halbinsel sind &hellip; <a href=\"https:\/\/klaushaberstroh.de\/?page_id=2042\" class=\"more-link\">Continue reading <span class=\"screen-reader-text\">Vortrag Antarctica 2024<\/span> <span class=\"meta-nav\">&rarr;<\/span><\/a><\/p>\n","protected":false},"author":1,"featured_media":0,"parent":0,"menu_order":1,"comment_status":"closed","ping_status":"closed","template":"","meta":{"footnotes":""},"class_list":["post-2042","page","type-page","status-publish","hentry"],"_links":{"self":[{"href":"https:\/\/klaushaberstroh.de\/index.php?rest_route=\/wp\/v2\/pages\/2042","targetHints":{"allow":["GET"]}}],"collection":[{"href":"https:\/\/klaushaberstroh.de\/index.php?rest_route=\/wp\/v2\/pages"}],"about":[{"href":"https:\/\/klaushaberstroh.de\/index.php?rest_route=\/wp\/v2\/types\/page"}],"author":[{"embeddable":true,"href":"https:\/\/klaushaberstroh.de\/index.php?rest_route=\/wp\/v2\/users\/1"}],"replies":[{"embeddable":true,"href":"https:\/\/klaushaberstroh.de\/index.php?rest_route=%2Fwp%2Fv2%2Fcomments&post=2042"}],"version-history":[{"count":7,"href":"https:\/\/klaushaberstroh.de\/index.php?rest_route=\/wp\/v2\/pages\/2042\/revisions"}],"predecessor-version":[{"id":2071,"href":"https:\/\/klaushaberstroh.de\/index.php?rest_route=\/wp\/v2\/pages\/2042\/revisions\/2071"}],"wp:attachment":[{"href":"https:\/\/klaushaberstroh.de\/index.php?rest_route=%2Fwp%2Fv2%2Fmedia&parent=2042"}],"curies":[{"name":"wp","href":"https:\/\/api.w.org\/{rel}","templated":true}]}}