{"id":144,"date":"2014-04-30T22:58:02","date_gmt":"2014-04-30T22:58:02","guid":{"rendered":"http:\/\/klaushaberstroh.de\/?page_id=144"},"modified":"2015-02-18T22:16:35","modified_gmt":"2015-02-18T22:16:35","slug":"impressum","status":"publish","type":"page","link":"https:\/\/klaushaberstroh.de\/?page_id=144","title":{"rendered":"Impressum"},"content":{"rendered":"<p>Klaus Haberstroh<\/p>\n<div id=\"vb_text_content\">Die auf dieser Webseite ver\u00f6ffentlichten Inhalte unterliegen dem deutschen Urheberrecht. Jede Art der Vervielf\u00e4ltigung, Bearbeitung, Verbreitung und jede Art der Verwertung au\u00dferhalb der Grenzen des Urheberrechts bedarf der vorherigen schriftlichen Zustimmung.<\/p>\n<p>Auf den Inhalt externer Links haben wir keinen Einfluss und schlie\u00dfen jegliche Verantwortung zu Form und Inhalt aus.<\/p><\/div>\n<ul id=\"vb_thumbs_container\"><\/ul>\n<div><\/div>\n<div id=\"vb_footer\">\u00a9 Website und alle Fotos Klaus Haberstroh<\/div>\n<div>Talstr.9 . 78351 Bodman-Ludwigshafen . Telefon +49 7773 920761<\/div>\n","protected":false},"excerpt":{"rendered":"<p>Klaus Haberstroh Die auf dieser Webseite ver\u00f6ffentlichten Inhalte unterliegen dem deutschen Urheberrecht. Jede Art der Vervielf\u00e4ltigung, Bearbeitung, Verbreitung und jede Art der Verwertung au\u00dferhalb der Grenzen des Urheberrechts bedarf der vorherigen schriftlichen Zustimmung. Auf den Inhalt externer Links haben wir keinen Einfluss und schlie\u00dfen jegliche Verantwortung zu Form und Inhalt aus. \u00a9 Website und alle &hellip; <a href=\"https:\/\/klaushaberstroh.de\/?page_id=144\" class=\"more-link\">Continue reading <span class=\"screen-reader-text\">Impressum<\/span> <span class=\"meta-nav\">&rarr;<\/span><\/a><\/p>\n","protected":false},"author":1,"featured_media":0,"parent":0,"menu_order":0,"comment_status":"closed","ping_status":"closed","template":"","meta":{"footnotes":""},"class_list":["post-144","page","type-page","status-publish","hentry"],"_links":{"self":[{"href":"https:\/\/klaushaberstroh.de\/index.php?rest_route=\/wp\/v2\/pages\/144","targetHints":{"allow":["GET"]}}],"collection":[{"href":"https:\/\/klaushaberstroh.de\/index.php?rest_route=\/wp\/v2\/pages"}],"about":[{"href":"https:\/\/klaushaberstroh.de\/index.php?rest_route=\/wp\/v2\/types\/page"}],"author":[{"embeddable":true,"href":"https:\/\/klaushaberstroh.de\/index.php?rest_route=\/wp\/v2\/users\/1"}],"replies":[{"embeddable":true,"href":"https:\/\/klaushaberstroh.de\/index.php?rest_route=%2Fwp%2Fv2%2Fcomments&post=144"}],"version-history":[{"count":4,"href":"https:\/\/klaushaberstroh.de\/index.php?rest_route=\/wp\/v2\/pages\/144\/revisions"}],"predecessor-version":[{"id":485,"href":"https:\/\/klaushaberstroh.de\/index.php?rest_route=\/wp\/v2\/pages\/144\/revisions\/485"}],"wp:attachment":[{"href":"https:\/\/klaushaberstroh.de\/index.php?rest_route=%2Fwp%2Fv2%2Fmedia&parent=144"}],"curies":[{"name":"wp","href":"https:\/\/api.w.org\/{rel}","templated":true}]}}