{"id":1309,"date":"2017-03-10T17:42:25","date_gmt":"2017-03-10T17:42:25","guid":{"rendered":"http:\/\/klaushaberstroh.de\/?page_id=1309"},"modified":"2017-03-12T22:26:23","modified_gmt":"2017-03-12T22:26:23","slug":"2017-valle-maira","status":"publish","type":"page","link":"https:\/\/klaushaberstroh.de\/?page_id=1309","title":{"rendered":"Skitouren im Valle Maira"},"content":{"rendered":"<p>Das Valle Maira ist ein wundersch\u00f6nes urspr\u00fcngliches Tal im Piemont, s\u00fcdlich von Turin. Ein Eldorado f\u00fcr Skitourengeher mit fantastischen Skitouren, alten Steind\u00f6rfern mit italienischem Flair und einer Gastronomie die seine gleichen sucht. Wir hatten dann noch das Gl\u00fcck dass jeden Tag die Sonne schien. Eine unverge\u00dfliche Skitourenwoche.<\/p>\n<div class=\"flagallery albumslist_skin\" id=\"FlaGallery_sc1_51\" ><noscript class=\"fla_AlbumsGrid_noscript\"> <p>JavaScript is not enabled in your browser<\/p><\/noscript><script type=\"text\/javascript\">function flaListINIT(){var id = 'flaalbumslist'+Math.floor((1 + Math.random()) * 0x10000);var dataDIVs = document.body.getElementsByClassName('albumslist_skin');dataDIVs[dataDIVs.length-1].setAttribute('app-id', id);this[id] = {'settings':{\"preloaderColor\":\"#295ee6\",\"navigationColor\":\"#000000\",\"navigationColorOpacity\":\"70\",\"navigationIconColor\":\"#ffffff\",\"columns\":\"3\",\"thumbRecomendedSize\":\"200\",\"spaceX\":\"20\",\"spaceY\":\"20\",\"coverThumbHeight\":\"450\",\"coverTitleFontSize\":\"30\",\"coverTitleTextColor\":\"#ffffff\",\"coverTitleBgColor1\":\"#CD51DC\",\"coverTitleBgColor2\":\"#295EE6\",\"coverTitleBgAlpha\":\"60\",\"sliderPreloaderColor\":\"#295ee6\",\"sliderBgColor\":\"#000000\",\"sliderNavigationColor\":\"#000000\",\"sliderNavigationColorOpacity\":\"70\",\"sliderNavigationIconColor\":\"#ffffff\",\"sliderItemTitleFontSize\":\"30\",\"sliderItemTitleTextColor\":\"#ffffff\",\"sliderThumbBarEnable\":\"1\",\"sliderInfoEnable\":\"1\",\"sliderLikesEnabled\":\"1\",\"sliderInfoBoxBgColor\":\"#ffffff\",\"sliderInfoBoxBgAlpha\":\"100\",\"sliderInfoBoxTitleTextColor\":\"#000000\",\"sliderInfoBoxTextColor\":\"#4f4f4f\",\"sliderItemDownload\":\"1\",\"sliderSocialShareEnabled\":\"1\",\"customCSS\":\"\",\"key\":\"ab90d0648a39463fe5bb4710cadd9eac\",\"name\":\"GRANDPackPlus\",\"galleryID\":\"sc1_51\",\"post_url\":\"https:\\\/\\\/klaushaberstroh.de?rest_route=%2Fwp%2Fv2%2Fpages%2F1309\"}, 'data':[{\"gallery\":{\"gid\":\"51\",\"name\":\"2017-valle-maira\",\"path\":\"https:\\\/\\\/klaushaberstroh.de\\\/wp-content\\\/flagallery\\\/2017-valle-maira\",\"title\":\"2017 Valle Maira\",\"galdesc\":\"\"},\"data\":[{\"pid\":\"2340\",\"filename\":\"kh89730.jpg\",\"description\":\"\",\"alttext\":\"\",\"link\":\"\",\"imagedate\":\"2017-03-07 13:17:44\",\"hitcounter\":\"83\",\"total_value\":\"0\",\"total_votes\":\"0\",\"meta_data\":{\"aperture\":\"F 13\",\"credit\":false,\"camera\":\"NIKON D800\",\"caption\":false,\"created_timestamp\":\"7. March 2017 13:17\",\"copyright\":\"Klaus Haberstroh\",\"focal_length\":\"120 mm\",\"iso\":200,\"shutter_speed\":\"1\\\/320 sec\",\"flash\":\"Not fired\",\"title\":false,\"keywords\":false,\"width\":1200,\"height\":801,\"saved\":true,\"thumbnail\":{\"width\":100,\"height\":100},\"webview\":{\"0\":1200,\"1\":801,\"2\":2,\"3\":\"width=\\\"1200\\\" height=\\\"801\\\"\",\"bits\":8,\"channels\":3,\"mime\":\"image\\\/jpeg\"}}},{\"pid\":\"2364\",\"filename\":\"kh89913.jpg\",\"description\":\"\",\"alttext\":\"\",\"link\":\"\",\"imagedate\":\"2017-03-08 10:40:49\",\"hitcounter\":\"68\",\"total_value\":\"0\",\"total_votes\":\"0\",\"meta_data\":{\"aperture\":\"F 8\",\"credit\":false,\"camera\":\"NIKON D800\",\"caption\":false,\"created_timestamp\":\"8. March 2017 10:40\",\"copyright\":\"Klaus Haberstroh\",\"focal_length\":\"50 mm\",\"iso\":320,\"shutter_speed\":\"1\\\/400 sec\",\"flash\":\"Not fired\",\"title\":false,\"keywords\":false,\"width\":1200,\"height\":801,\"saved\":true,\"thumbnail\":{\"width\":100,\"height\":100},\"webview\":{\"0\":1200,\"1\":801,\"2\":2,\"3\":\"width=\\\"1200\\\" height=\\\"801\\\"\",\"bits\":8,\"channels\":3,\"mime\":\"image\\\/jpeg\"}}},{\"pid\":\"2341\",\"filename\":\"kh89784.jpg\",\"description\":\"\",\"alttext\":\"\",\"link\":\"\",\"imagedate\":\"2017-03-08 06:28:34\",\"hitcounter\":\"68\",\"total_value\":\"0\",\"total_votes\":\"0\",\"meta_data\":{\"aperture\":\"F 8\",\"credit\":false,\"camera\":\"NIKON D800\",\"caption\":false,\"created_timestamp\":\"8. March 2017 6:28\",\"copyright\":\"Klaus Haberstroh\",\"focal_length\":\"34 mm\",\"iso\":200,\"shutter_speed\":\"1\\\/640 sec\",\"flash\":\"Not fired\",\"title\":false,\"keywords\":false,\"width\":1200,\"height\":801,\"saved\":true,\"thumbnail\":{\"width\":100,\"height\":100},\"webview\":{\"0\":1200,\"1\":801,\"2\":2,\"3\":\"width=\\\"1200\\\" height=\\\"801\\\"\",\"bits\":8,\"channels\":3,\"mime\":\"image\\\/jpeg\"}}},{\"pid\":\"2342\",\"filename\":\"kh89800.jpg\",\"description\":\"\",\"alttext\":\"\",\"link\":\"\",\"imagedate\":\"2017-03-08 07:23:01\",\"hitcounter\":\"64\",\"total_value\":\"0\",\"total_votes\":\"0\",\"meta_data\":{\"aperture\":\"F 11\",\"credit\":false,\"camera\":\"NIKON D800\",\"caption\":false,\"created_timestamp\":\"8. March 2017 7:23\",\"copyright\":\"Klaus Haberstroh\",\"focal_length\":\"24 mm\",\"iso\":640,\"shutter_speed\":\"1\\\/3200 sec\",\"flash\":\"Not fired\",\"title\":false,\"keywords\":false,\"width\":1200,\"height\":801,\"saved\":true,\"thumbnail\":{\"width\":100,\"height\":100},\"webview\":{\"0\":1200,\"1\":801,\"2\":2,\"3\":\"width=\\\"1200\\\" height=\\\"801\\\"\",\"bits\":8,\"channels\":3,\"mime\":\"image\\\/jpeg\"}}},{\"pid\":\"2343\",\"filename\":\"kh89808.jpg\",\"description\":\"\",\"alttext\":\"\",\"link\":\"\",\"imagedate\":\"2017-03-08 07:48:28\",\"hitcounter\":\"66\",\"total_value\":\"0\",\"total_votes\":\"0\",\"meta_data\":{\"aperture\":\"F 11\",\"credit\":false,\"camera\":\"NIKON D800\",\"caption\":false,\"created_timestamp\":\"8. March 2017 7:48\",\"copyright\":\"Klaus Haberstroh\",\"focal_length\":\"120 mm\",\"iso\":200,\"shutter_speed\":\"1\\\/800 sec\",\"flash\":\"Not fired\",\"title\":false,\"keywords\":false,\"width\":1200,\"height\":801,\"saved\":true,\"thumbnail\":{\"width\":100,\"height\":100},\"webview\":{\"0\":1200,\"1\":801,\"2\":2,\"3\":\"width=\\\"1200\\\" height=\\\"801\\\"\",\"bits\":8,\"channels\":3,\"mime\":\"image\\\/jpeg\"}}},{\"pid\":\"2362\",\"filename\":\"kh80005_0.jpg\",\"description\":\"\",\"alttext\":\"\",\"link\":\"\",\"imagedate\":\"2017-03-09 08:09:04\",\"hitcounter\":\"63\",\"total_value\":\"0\",\"total_votes\":\"0\",\"meta_data\":{\"aperture\":\"F 11\",\"credit\":false,\"camera\":\"NIKON D800\",\"caption\":false,\"created_timestamp\":\"9. March 2017 8:09\",\"copyright\":\"Klaus Haberstroh\",\"focal_length\":\"70 mm\",\"iso\":200,\"shutter_speed\":\"1\\\/800 sec\",\"flash\":\"Not fired\",\"title\":false,\"keywords\":false,\"width\":1200,\"height\":801,\"saved\":true,\"thumbnail\":{\"width\":100,\"height\":100},\"webview\":{\"0\":1200,\"1\":801,\"2\":2,\"3\":\"width=\\\"1200\\\" height=\\\"801\\\"\",\"bits\":8,\"channels\":3,\"mime\":\"image\\\/jpeg\"}}},{\"pid\":\"2344\",\"filename\":\"kh89809.jpg\",\"description\":\"\",\"alttext\":\"\",\"link\":\"\",\"imagedate\":\"2017-03-08 07:48:41\",\"hitcounter\":\"64\",\"total_value\":\"0\",\"total_votes\":\"0\",\"meta_data\":{\"aperture\":\"F 11\",\"credit\":false,\"camera\":\"NIKON D800\",\"caption\":false,\"created_timestamp\":\"8. March 2017 7:48\",\"copyright\":\"Klaus Haberstroh\",\"focal_length\":\"98 mm\",\"iso\":200,\"shutter_speed\":\"1\\\/500 sec\",\"flash\":\"Not fired\",\"title\":false,\"keywords\":false,\"width\":1200,\"height\":801,\"saved\":true,\"thumbnail\":{\"width\":100,\"height\":100},\"webview\":{\"0\":1200,\"1\":801,\"2\":2,\"3\":\"width=\\\"1200\\\" height=\\\"801\\\"\",\"bits\":8,\"channels\":3,\"mime\":\"image\\\/jpeg\"}}},{\"pid\":\"2345\",\"filename\":\"kh89826.jpg\",\"description\":\"\",\"alttext\":\"\",\"link\":\"\",\"imagedate\":\"2017-03-08 07:59:23\",\"hitcounter\":\"66\",\"total_value\":\"0\",\"total_votes\":\"0\",\"meta_data\":{\"aperture\":\"F 9\",\"credit\":false,\"camera\":\"NIKON D800\",\"caption\":false,\"created_timestamp\":\"8. March 2017 7:59\",\"copyright\":\"Klaus Haberstroh\",\"focal_length\":\"24 mm\",\"iso\":320,\"shutter_speed\":\"1\\\/1600 sec\",\"flash\":\"Not fired\",\"title\":false,\"keywords\":false,\"width\":1200,\"height\":801,\"saved\":true,\"thumbnail\":{\"width\":100,\"height\":100},\"webview\":{\"0\":1200,\"1\":801,\"2\":2,\"3\":\"width=\\\"1200\\\" height=\\\"801\\\"\",\"bits\":8,\"channels\":3,\"mime\":\"image\\\/jpeg\"}}},{\"pid\":\"2363\",\"filename\":\"kh80415.jpg\",\"description\":\"\",\"alttext\":\"\",\"link\":\"\",\"imagedate\":\"2017-03-12 08:53:46\",\"hitcounter\":\"61\",\"total_value\":\"0\",\"total_votes\":\"0\",\"meta_data\":{\"aperture\":\"F 9\",\"credit\":false,\"camera\":\"NIKON D800\",\"caption\":false,\"created_timestamp\":\"12. March 2017 8:53\",\"copyright\":\"Klaus Haberstroh\",\"focal_length\":\"24 mm\",\"iso\":250,\"shutter_speed\":\"1\\\/2000 sec\",\"flash\":\"Not fired\",\"title\":false,\"keywords\":false,\"width\":1200,\"height\":801,\"saved\":true,\"thumbnail\":{\"width\":100,\"height\":100},\"webview\":{\"0\":1200,\"1\":801,\"2\":2,\"3\":\"width=\\\"1200\\\" height=\\\"801\\\"\",\"bits\":8,\"channels\":3,\"mime\":\"image\\\/jpeg\"}}},{\"pid\":\"2346\",\"filename\":\"kh89838.jpg\",\"description\":\"\",\"alttext\":\"\",\"link\":\"\",\"imagedate\":\"2017-03-08 08:19:34\",\"hitcounter\":\"65\",\"total_value\":\"0\",\"total_votes\":\"0\",\"meta_data\":{\"aperture\":\"F 9\",\"credit\":false,\"camera\":\"NIKON D800\",\"caption\":false,\"created_timestamp\":\"8. March 2017 8:19\",\"copyright\":\"Klaus Haberstroh\",\"focal_length\":\"24 mm\",\"iso\":320,\"shutter_speed\":\"1\\\/2000 sec\",\"flash\":\"Not fired\",\"title\":false,\"keywords\":false,\"width\":1200,\"height\":801,\"saved\":true,\"thumbnail\":{\"width\":100,\"height\":100},\"webview\":{\"0\":1200,\"1\":801,\"2\":2,\"3\":\"width=\\\"1200\\\" height=\\\"801\\\"\",\"bits\":8,\"channels\":3,\"mime\":\"image\\\/jpeg\"}}},{\"pid\":\"2347\",\"filename\":\"kh89860.jpg\",\"description\":\"\",\"alttext\":\"\",\"link\":\"\",\"imagedate\":\"2017-03-08 08:24:13\",\"hitcounter\":\"61\",\"total_value\":\"0\",\"total_votes\":\"0\",\"meta_data\":{\"aperture\":\"F 9\",\"credit\":false,\"camera\":\"NIKON D800\",\"caption\":false,\"created_timestamp\":\"8. March 2017 8:24\",\"copyright\":\"Klaus Haberstroh\",\"focal_length\":\"75 mm\",\"iso\":320,\"shutter_speed\":\"1\\\/2000 sec\",\"flash\":\"Not fired\",\"title\":false,\"keywords\":false,\"width\":1200,\"height\":801,\"saved\":true,\"thumbnail\":{\"width\":100,\"height\":100},\"webview\":{\"0\":1200,\"1\":801,\"2\":2,\"3\":\"width=\\\"1200\\\" height=\\\"801\\\"\",\"bits\":8,\"channels\":3,\"mime\":\"image\\\/jpeg\"}}},{\"pid\":\"2348\",\"filename\":\"kh89883.jpg\",\"description\":\"\",\"alttext\":\"\",\"link\":\"\",\"imagedate\":\"2017-03-08 09:07:32\",\"hitcounter\":\"64\",\"total_value\":\"0\",\"total_votes\":\"0\",\"meta_data\":{\"aperture\":\"F 10\",\"credit\":false,\"camera\":\"NIKON D800\",\"caption\":false,\"created_timestamp\":\"8. March 2017 9:07\",\"copyright\":\"Klaus Haberstroh\",\"focal_length\":\"24 mm\",\"iso\":250,\"shutter_speed\":\"1\\\/400 sec\",\"flash\":\"Not fired\",\"title\":false,\"keywords\":false,\"width\":1200,\"height\":801,\"saved\":true,\"thumbnail\":{\"width\":100,\"height\":100},\"webview\":{\"0\":1200,\"1\":801,\"2\":2,\"3\":\"width=\\\"1200\\\" height=\\\"801\\\"\",\"bits\":8,\"channels\":3,\"mime\":\"image\\\/jpeg\"}}},{\"pid\":\"2349\",\"filename\":\"kh89906.jpg\",\"description\":\"\",\"alttext\":\"\",\"link\":\"\",\"imagedate\":\"2017-03-08 10:29:57\",\"hitcounter\":\"60\",\"total_value\":\"0\",\"total_votes\":\"0\",\"meta_data\":{\"aperture\":\"F 8\",\"credit\":false,\"camera\":\"NIKON D800\",\"caption\":false,\"created_timestamp\":\"8. March 2017 10:29\",\"copyright\":\"Klaus Haberstroh\",\"focal_length\":\"24 mm\",\"iso\":250,\"shutter_speed\":\"1\\\/1250 sec\",\"flash\":\"Not fired\",\"title\":false,\"keywords\":false,\"width\":1200,\"height\":801,\"saved\":true,\"thumbnail\":{\"width\":100,\"height\":100},\"webview\":{\"0\":1200,\"1\":801,\"2\":2,\"3\":\"width=\\\"1200\\\" height=\\\"801\\\"\",\"bits\":8,\"channels\":3,\"mime\":\"image\\\/jpeg\"}}},{\"pid\":\"2350\",\"filename\":\"kh89919.jpg\",\"description\":\"\",\"alttext\":\"\",\"link\":\"\",\"imagedate\":\"2017-03-08 10:51:48\",\"hitcounter\":\"59\",\"total_value\":\"0\",\"total_votes\":\"0\",\"meta_data\":{\"aperture\":\"F 8\",\"credit\":false,\"camera\":\"NIKON D800\",\"caption\":false,\"created_timestamp\":\"8. March 2017 10:51\",\"copyright\":\"Klaus Haberstroh\",\"focal_length\":\"120 mm\",\"iso\":400,\"shutter_speed\":\"1\\\/100 sec\",\"flash\":\"Not fired\",\"title\":false,\"keywords\":false,\"width\":1200,\"height\":801,\"saved\":true,\"thumbnail\":{\"width\":100,\"height\":100},\"webview\":{\"0\":1200,\"1\":801,\"2\":2,\"3\":\"width=\\\"1200\\\" height=\\\"801\\\"\",\"bits\":8,\"channels\":3,\"mime\":\"image\\\/jpeg\"}}},{\"pid\":\"2358\",\"filename\":\"kh89959.jpg\",\"description\":\"\",\"alttext\":\"\",\"link\":\"\",\"imagedate\":\"2017-03-09 05:01:19\",\"hitcounter\":\"57\",\"total_value\":\"0\",\"total_votes\":\"0\",\"meta_data\":{\"aperture\":\"F 9\",\"credit\":false,\"camera\":\"NIKON D800\",\"caption\":false,\"created_timestamp\":\"9. March 2017 5:01\",\"copyright\":\"Klaus Haberstroh\",\"focal_length\":\"120 mm\",\"iso\":320,\"shutter_speed\":\"1\\\/1000 sec\",\"flash\":\"Not fired\",\"title\":false,\"keywords\":false,\"width\":1200,\"height\":801,\"saved\":true,\"thumbnail\":{\"width\":100,\"height\":100},\"webview\":{\"0\":1200,\"1\":801,\"2\":2,\"3\":\"width=\\\"1200\\\" height=\\\"801\\\"\",\"bits\":8,\"channels\":3,\"mime\":\"image\\\/jpeg\"}}},{\"pid\":\"2351\",\"filename\":\"kh80001.jpg\",\"description\":\"\",\"alttext\":\"\",\"link\":\"\",\"imagedate\":\"2017-03-09 08:04:46\",\"hitcounter\":\"57\",\"total_value\":\"0\",\"total_votes\":\"0\",\"meta_data\":{\"aperture\":\"F 11\",\"credit\":false,\"camera\":\"NIKON D800\",\"caption\":false,\"created_timestamp\":\"9. March 2017 8:04\",\"copyright\":\"Klaus Haberstroh\",\"focal_length\":\"24 mm\",\"iso\":200,\"shutter_speed\":\"1\\\/800 sec\",\"flash\":\"Not fired\",\"title\":false,\"keywords\":false,\"width\":1200,\"height\":801,\"saved\":true,\"thumbnail\":{\"width\":100,\"height\":100},\"webview\":{\"0\":1200,\"1\":801,\"2\":2,\"3\":\"width=\\\"1200\\\" height=\\\"801\\\"\",\"bits\":8,\"channels\":3,\"mime\":\"image\\\/jpeg\"}}},{\"pid\":\"2353\",\"filename\":\"kh80010.jpg\",\"description\":\"\",\"alttext\":\"\",\"link\":\"\",\"imagedate\":\"2017-03-09 08:20:41\",\"hitcounter\":\"58\",\"total_value\":\"0\",\"total_votes\":\"0\",\"meta_data\":{\"aperture\":\"F 11\",\"credit\":false,\"camera\":\"NIKON D800\",\"caption\":false,\"created_timestamp\":\"9. March 2017 8:20\",\"copyright\":\"Klaus Haberstroh\",\"focal_length\":\"70 mm\",\"iso\":250,\"shutter_speed\":\"1\\\/800 sec\",\"flash\":\"Not fired\",\"title\":false,\"keywords\":false,\"width\":1200,\"height\":801,\"saved\":true,\"thumbnail\":{\"width\":100,\"height\":100},\"webview\":{\"0\":1200,\"1\":801,\"2\":2,\"3\":\"width=\\\"1200\\\" height=\\\"801\\\"\",\"bits\":8,\"channels\":3,\"mime\":\"image\\\/jpeg\"}}},{\"pid\":\"2354\",\"filename\":\"kh80024.jpg\",\"description\":\"\",\"alttext\":\"\",\"link\":\"\",\"imagedate\":\"2017-03-09 08:26:48\",\"hitcounter\":\"59\",\"total_value\":\"0\",\"total_votes\":\"0\",\"meta_data\":{\"aperture\":\"F 7.1\",\"credit\":false,\"camera\":\"NIKON D800\",\"caption\":false,\"created_timestamp\":\"9. March 2017 8:26\",\"copyright\":\"Klaus Haberstroh\",\"focal_length\":\"120 mm\",\"iso\":250,\"shutter_speed\":\"1\\\/1600 sec\",\"flash\":\"Not fired\",\"title\":false,\"keywords\":false,\"width\":1200,\"height\":801,\"saved\":true,\"thumbnail\":{\"width\":100,\"height\":100},\"webview\":{\"0\":1200,\"1\":801,\"2\":2,\"3\":\"width=\\\"1200\\\" height=\\\"801\\\"\",\"bits\":8,\"channels\":3,\"mime\":\"image\\\/jpeg\"}}},{\"pid\":\"2355\",\"filename\":\"kh80042.jpg\",\"description\":\"\",\"alttext\":\"\",\"link\":\"\",\"imagedate\":\"2017-03-09 08:58:01\",\"hitcounter\":\"59\",\"total_value\":\"0\",\"total_votes\":\"0\",\"meta_data\":{\"aperture\":\"F 11\",\"credit\":false,\"camera\":\"NIKON D800\",\"caption\":false,\"created_timestamp\":\"9. March 2017 8:58\",\"copyright\":\"Klaus Haberstroh\",\"focal_length\":\"85 mm\",\"iso\":200,\"shutter_speed\":\"1\\\/640 sec\",\"flash\":\"Not fired\",\"title\":false,\"keywords\":false,\"width\":1200,\"height\":801,\"saved\":true,\"thumbnail\":{\"width\":100,\"height\":100},\"webview\":{\"0\":1200,\"1\":801,\"2\":2,\"3\":\"width=\\\"1200\\\" height=\\\"801\\\"\",\"bits\":8,\"channels\":3,\"mime\":\"image\\\/jpeg\"}}},{\"pid\":\"2356\",\"filename\":\"kh80055.jpg\",\"description\":\"\",\"alttext\":\"\",\"link\":\"\",\"imagedate\":\"2017-03-09 09:15:01\",\"hitcounter\":\"55\",\"total_value\":\"0\",\"total_votes\":\"0\",\"meta_data\":{\"aperture\":\"F 11\",\"credit\":false,\"camera\":\"NIKON D800\",\"caption\":false,\"created_timestamp\":\"9. March 2017 9:15\",\"copyright\":\"Klaus Haberstroh\",\"focal_length\":\"65 mm\",\"iso\":250,\"shutter_speed\":\"1\\\/1000 sec\",\"flash\":\"Not fired\",\"title\":false,\"keywords\":false,\"width\":1200,\"height\":801,\"saved\":true,\"thumbnail\":{\"width\":100,\"height\":100},\"webview\":{\"0\":1200,\"1\":801,\"2\":2,\"3\":\"width=\\\"1200\\\" height=\\\"801\\\"\",\"bits\":8,\"channels\":3,\"mime\":\"image\\\/jpeg\"}}},{\"pid\":\"2357\",\"filename\":\"kh89958.jpg\",\"description\":\"\",\"alttext\":\"\",\"link\":\"\",\"imagedate\":\"2017-03-09 05:00:52\",\"hitcounter\":\"54\",\"total_value\":\"0\",\"total_votes\":\"0\",\"meta_data\":{\"aperture\":\"F 9\",\"credit\":false,\"camera\":\"NIKON D800\",\"caption\":false,\"created_timestamp\":\"9. March 2017 5:00\",\"copyright\":\"Klaus Haberstroh\",\"focal_length\":\"66 mm\",\"iso\":320,\"shutter_speed\":\"1\\\/1250 sec\",\"flash\":\"Not fired\",\"title\":false,\"keywords\":false,\"width\":1200,\"height\":801,\"saved\":true,\"thumbnail\":{\"width\":100,\"height\":100},\"webview\":{\"0\":1200,\"1\":801,\"2\":2,\"3\":\"width=\\\"1200\\\" height=\\\"801\\\"\",\"bits\":8,\"channels\":3,\"mime\":\"image\\\/jpeg\"}}},{\"pid\":\"2360\",\"filename\":\"kh89993.jpg\",\"description\":\"\",\"alttext\":\"\",\"link\":\"\",\"imagedate\":\"2017-03-09 07:10:41\",\"hitcounter\":\"54\",\"total_value\":\"0\",\"total_votes\":\"0\",\"meta_data\":{\"aperture\":\"F 11\",\"credit\":false,\"camera\":\"NIKON D800\",\"caption\":false,\"created_timestamp\":\"9. March 2017 7:10\",\"copyright\":\"Klaus Haberstroh\",\"focal_length\":\"70 mm\",\"iso\":200,\"shutter_speed\":\"1\\\/640 sec\",\"flash\":\"Not fired\",\"title\":false,\"keywords\":false,\"width\":1200,\"height\":801,\"saved\":true,\"thumbnail\":{\"width\":100,\"height\":100},\"webview\":{\"0\":1200,\"1\":801,\"2\":2,\"3\":\"width=\\\"1200\\\" height=\\\"801\\\"\",\"bits\":8,\"channels\":3,\"mime\":\"image\\\/jpeg\"}}},{\"pid\":\"2339\",\"filename\":\"kh80082.jpg\",\"description\":\"\",\"alttext\":\"\",\"link\":\"\",\"imagedate\":\"2017-03-10 04:42:21\",\"hitcounter\":\"52\",\"total_value\":\"0\",\"total_votes\":\"0\",\"meta_data\":{\"aperture\":\"F 10\",\"credit\":false,\"camera\":\"NIKON D800\",\"caption\":false,\"created_timestamp\":\"10. March 2017 4:42\",\"copyright\":\"Klaus Haberstroh\",\"focal_length\":\"28 mm\",\"iso\":250,\"shutter_speed\":\"1\\\/1000 sec\",\"flash\":\"Not fired\",\"title\":false,\"keywords\":false,\"width\":1200,\"height\":801,\"saved\":true,\"thumbnail\":{\"width\":100,\"height\":100},\"webview\":{\"0\":1200,\"1\":801,\"2\":2,\"3\":\"width=\\\"1200\\\" height=\\\"801\\\"\",\"bits\":8,\"channels\":3,\"mime\":\"image\\\/jpeg\"}}},{\"pid\":\"2359\",\"filename\":\"kh89965.jpg\",\"description\":\"\",\"alttext\":\"\",\"link\":\"\",\"imagedate\":\"2017-03-09 05:18:15\",\"hitcounter\":\"50\",\"total_value\":\"0\",\"total_votes\":\"0\",\"meta_data\":{\"aperture\":\"F 22\",\"credit\":false,\"camera\":\"NIKON D800\",\"caption\":false,\"created_timestamp\":\"9. March 2017 5:18\",\"copyright\":\"Klaus Haberstroh\",\"focal_length\":\"24 mm\",\"iso\":250,\"shutter_speed\":\"1\\\/1000 sec\",\"flash\":\"Not fired\",\"title\":false,\"keywords\":false,\"width\":1200,\"height\":801,\"saved\":true,\"thumbnail\":{\"width\":100,\"height\":100},\"webview\":{\"0\":1200,\"1\":801,\"2\":2,\"3\":\"width=\\\"1200\\\" height=\\\"801\\\"\",\"bits\":8,\"channels\":3,\"mime\":\"image\\\/jpeg\"}}},{\"pid\":\"2361\",\"filename\":\"kh89995.jpg\",\"description\":\"\",\"alttext\":\"\",\"link\":\"\",\"imagedate\":\"2017-03-09 07:31:03\",\"hitcounter\":\"54\",\"total_value\":\"0\",\"total_votes\":\"0\",\"meta_data\":{\"aperture\":\"F 11\",\"credit\":false,\"camera\":\"NIKON D800\",\"caption\":false,\"created_timestamp\":\"9. March 2017 7:31\",\"copyright\":\"Klaus Haberstroh\",\"focal_length\":\"27 mm\",\"iso\":200,\"shutter_speed\":\"1\\\/800 sec\",\"flash\":\"Not fired\",\"title\":false,\"keywords\":false,\"width\":1200,\"height\":801,\"saved\":true,\"thumbnail\":{\"width\":100,\"height\":100},\"webview\":{\"0\":1200,\"1\":801,\"2\":2,\"3\":\"width=\\\"1200\\\" height=\\\"801\\\"\",\"bits\":8,\"channels\":3,\"mime\":\"image\\\/jpeg\"}}}]}], };}flaListINIT();<\/script><\/div><noscript id=\"noscript_FlaGallery_sc1_51\"><img class=\"skip-lazy no-lazyload noLazy\" data-lazy-src=\"\" src =\"https:\/\/klaushaberstroh.de\/wp-content\/flagallery\/2017-valle-maira\/kh89730.jpg\" alt=\"\" \/><img class=\"skip-lazy no-lazyload noLazy\" data-lazy-src=\"\" src =\"https:\/\/klaushaberstroh.de\/wp-content\/flagallery\/2017-valle-maira\/kh89913.jpg\" alt=\"\" \/><img class=\"skip-lazy no-lazyload noLazy\" data-lazy-src=\"\" src =\"https:\/\/klaushaberstroh.de\/wp-content\/flagallery\/2017-valle-maira\/kh89784.jpg\" alt=\"\" \/><img class=\"skip-lazy no-lazyload noLazy\" data-lazy-src=\"\" src =\"https:\/\/klaushaberstroh.de\/wp-content\/flagallery\/2017-valle-maira\/kh89800.jpg\" alt=\"\" \/><img class=\"skip-lazy no-lazyload noLazy\" data-lazy-src=\"\" src =\"https:\/\/klaushaberstroh.de\/wp-content\/flagallery\/2017-valle-maira\/kh89808.jpg\" alt=\"\" \/><img class=\"skip-lazy no-lazyload noLazy\" data-lazy-src=\"\" src =\"https:\/\/klaushaberstroh.de\/wp-content\/flagallery\/2017-valle-maira\/kh80005_0.jpg\" alt=\"\" \/><img class=\"skip-lazy no-lazyload noLazy\" data-lazy-src=\"\" src =\"https:\/\/klaushaberstroh.de\/wp-content\/flagallery\/2017-valle-maira\/kh89809.jpg\" alt=\"\" \/><img class=\"skip-lazy no-lazyload noLazy\" data-lazy-src=\"\" src =\"https:\/\/klaushaberstroh.de\/wp-content\/flagallery\/2017-valle-maira\/kh89826.jpg\" alt=\"\" \/><img class=\"skip-lazy no-lazyload noLazy\" data-lazy-src=\"\" src =\"https:\/\/klaushaberstroh.de\/wp-content\/flagallery\/2017-valle-maira\/kh80415.jpg\" alt=\"\" \/><img class=\"skip-lazy no-lazyload noLazy\" data-lazy-src=\"\" src =\"https:\/\/klaushaberstroh.de\/wp-content\/flagallery\/2017-valle-maira\/kh89838.jpg\" alt=\"\" \/><img class=\"skip-lazy no-lazyload noLazy\" data-lazy-src=\"\" src =\"https:\/\/klaushaberstroh.de\/wp-content\/flagallery\/2017-valle-maira\/kh89860.jpg\" alt=\"\" \/><img class=\"skip-lazy no-lazyload noLazy\" data-lazy-src=\"\" src =\"https:\/\/klaushaberstroh.de\/wp-content\/flagallery\/2017-valle-maira\/kh89883.jpg\" alt=\"\" \/><img class=\"skip-lazy no-lazyload noLazy\" data-lazy-src=\"\" src =\"https:\/\/klaushaberstroh.de\/wp-content\/flagallery\/2017-valle-maira\/kh89906.jpg\" alt=\"\" \/><img class=\"skip-lazy no-lazyload noLazy\" data-lazy-src=\"\" src =\"https:\/\/klaushaberstroh.de\/wp-content\/flagallery\/2017-valle-maira\/kh89919.jpg\" alt=\"\" \/><img class=\"skip-lazy no-lazyload noLazy\" data-lazy-src=\"\" src =\"https:\/\/klaushaberstroh.de\/wp-content\/flagallery\/2017-valle-maira\/kh89959.jpg\" alt=\"\" \/><img class=\"skip-lazy no-lazyload noLazy\" data-lazy-src=\"\" src =\"https:\/\/klaushaberstroh.de\/wp-content\/flagallery\/2017-valle-maira\/kh80001.jpg\" alt=\"\" \/><img class=\"skip-lazy no-lazyload noLazy\" data-lazy-src=\"\" src =\"https:\/\/klaushaberstroh.de\/wp-content\/flagallery\/2017-valle-maira\/kh80010.jpg\" alt=\"\" \/><img class=\"skip-lazy no-lazyload noLazy\" data-lazy-src=\"\" src =\"https:\/\/klaushaberstroh.de\/wp-content\/flagallery\/2017-valle-maira\/kh80024.jpg\" alt=\"\" \/><img class=\"skip-lazy no-lazyload noLazy\" data-lazy-src=\"\" src =\"https:\/\/klaushaberstroh.de\/wp-content\/flagallery\/2017-valle-maira\/kh80042.jpg\" alt=\"\" \/><img class=\"skip-lazy no-lazyload noLazy\" data-lazy-src=\"\" src =\"https:\/\/klaushaberstroh.de\/wp-content\/flagallery\/2017-valle-maira\/kh80055.jpg\" alt=\"\" \/><img class=\"skip-lazy no-lazyload noLazy\" data-lazy-src=\"\" src =\"https:\/\/klaushaberstroh.de\/wp-content\/flagallery\/2017-valle-maira\/kh89958.jpg\" alt=\"\" \/><img class=\"skip-lazy no-lazyload noLazy\" data-lazy-src=\"\" src =\"https:\/\/klaushaberstroh.de\/wp-content\/flagallery\/2017-valle-maira\/kh89993.jpg\" alt=\"\" \/><img class=\"skip-lazy no-lazyload noLazy\" data-lazy-src=\"\" src =\"https:\/\/klaushaberstroh.de\/wp-content\/flagallery\/2017-valle-maira\/kh80082.jpg\" alt=\"\" \/><img class=\"skip-lazy no-lazyload noLazy\" data-lazy-src=\"\" src =\"https:\/\/klaushaberstroh.de\/wp-content\/flagallery\/2017-valle-maira\/kh89965.jpg\" alt=\"\" \/><img class=\"skip-lazy no-lazyload noLazy\" data-lazy-src=\"\" src =\"https:\/\/klaushaberstroh.de\/wp-content\/flagallery\/2017-valle-maira\/kh89995.jpg\" alt=\"\" \/><\/noscript>\n","protected":false},"excerpt":{"rendered":"<p>Das Valle Maira ist ein wundersch\u00f6nes urspr\u00fcngliches Tal im Piemont, s\u00fcdlich von Turin. Ein Eldorado f\u00fcr Skitourengeher mit fantastischen Skitouren, alten Steind\u00f6rfern mit italienischem Flair und einer Gastronomie die seine gleichen sucht. Wir hatten dann noch das Gl\u00fcck dass jeden Tag die Sonne schien. Eine unverge\u00dfliche Skitourenwoche.<\/p>\n","protected":false},"author":1,"featured_media":0,"parent":0,"menu_order":0,"comment_status":"closed","ping_status":"closed","template":"","meta":{"footnotes":""},"class_list":["post-1309","page","type-page","status-publish","hentry"],"_links":{"self":[{"href":"https:\/\/klaushaberstroh.de\/index.php?rest_route=\/wp\/v2\/pages\/1309","targetHints":{"allow":["GET"]}}],"collection":[{"href":"https:\/\/klaushaberstroh.de\/index.php?rest_route=\/wp\/v2\/pages"}],"about":[{"href":"https:\/\/klaushaberstroh.de\/index.php?rest_route=\/wp\/v2\/types\/page"}],"author":[{"embeddable":true,"href":"https:\/\/klaushaberstroh.de\/index.php?rest_route=\/wp\/v2\/users\/1"}],"replies":[{"embeddable":true,"href":"https:\/\/klaushaberstroh.de\/index.php?rest_route=%2Fwp%2Fv2%2Fcomments&post=1309"}],"version-history":[{"count":2,"href":"https:\/\/klaushaberstroh.de\/index.php?rest_route=\/wp\/v2\/pages\/1309\/revisions"}],"predecessor-version":[{"id":1313,"href":"https:\/\/klaushaberstroh.de\/index.php?rest_route=\/wp\/v2\/pages\/1309\/revisions\/1313"}],"wp:attachment":[{"href":"https:\/\/klaushaberstroh.de\/index.php?rest_route=%2Fwp%2Fv2%2Fmedia&parent=1309"}],"curies":[{"name":"wp","href":"https:\/\/api.w.org\/{rel}","templated":true}]}}